{"id":1863,"date":"2018-03-08T16:24:24","date_gmt":"2018-03-08T15:24:24","guid":{"rendered":"https:\/\/bencke.de\/?page_id=1863"},"modified":"2018-08-24T09:06:45","modified_gmt":"2018-08-24T07:06:45","slug":"waschmaschienen","status":"publish","type":"page","link":"https:\/\/bencke.de\/staging\/waschmaschienen\/","title":{"rendered":"Waschmaschinen"},"content":{"rendered":"<div id=\"pl-1863\"  class=\"panel-layout\" ><div id=\"pg-1863-0\"  class=\"panel-grid panel-has-style\" ><div class=\"test1 panel-row-style panel-row-style-for-1863-0\" ><div id=\"pgc-1863-0-0\"  class=\"panel-grid-cell\" ><div class=\"test2 panel-cell-style panel-cell-style-for-1863-0-0\" ><div id=\"panel-1863-0-0-0\" class=\"so-panel widget widget_sow-editor panel-first-child\" data-index=\"0\" ><div\n\t\t\t\n\t\t\tclass=\"so-widget-sow-editor so-widget-sow-editor-base\"\n\t\t\t\n\t\t>\n<div class=\"siteorigin-widget-tinymce textwidget\">\n\t<h1>Waschmaschinen<\/h1>\n<\/div>\n<\/div><\/div><div id=\"panel-1863-0-0-1\" class=\"so-panel widget widget_sow-editor\" data-index=\"1\" ><div\n\t\t\t\n\t\t\tclass=\"so-widget-sow-editor so-widget-sow-editor-base\"\n\t\t\t\n\t\t>\n<div class=\"siteorigin-widget-tinymce textwidget\">\n\t<p><strong>Waschmaschine \u2013 clever Sparen beim W\u00e4sche waschen<\/strong><\/p>\n<p>Geringer Verbrauch und gro\u00dfes Fassungsverm\u00f6gen<\/p>\n<p>Ob Singel-Haushalt oder Gro\u00dffamilie: Bei Bencke finden Sie ein umfangreiches Sortiment an energieeffizienten Waschmaschinen mit g\u00fcnstigem Strom- und Wasserverbrauch.<\/p>\n<p>Egal ob Toplader oder Frontlader \u2013 Wir liefern und schlie\u00dfen Ihnen Ihre Waschmaschine an.<\/p>\n<p>&nbsp;<\/p>\n<ul>\n<li>Unser Tip<\/li>\n<li>Um beim Waschen m\u00f6glichst wenig Wasser und Energie zu verbrauchen, sollten Sie die Waschtrommel immer gut f\u00fcllen und keine halben Maschinen waschen. Optimal gef\u00fcllt ist Ihre Waschmaschine, wenn die W\u00e4sche locker darin Platz findet und etwa eine Handbreite Platz zum Trommelrand besteht. Machen Sie die Waschtrommel zu voll, wird die W\u00e4sche in der Regel nicht richtig sauber und die Lebensdauer der Maschine kann sich verk\u00fcrzen.<\/li>\n<li>&nbsp;<\/li>\n<li>Hochwertige, energieeffiziente Waschmaschinen von namhaften Marken wie AEG, Miele, Siemens finden Sie bei Bencke zum g\u00fcnstigen Preis!<\/li>\n<\/ul>\n<\/div>\n<\/div><\/div><div id=\"panel-1863-0-0-2\" class=\"so-panel widget widget_sow-editor panel-last-child\" data-index=\"2\" ><div\n\t\t\t\n\t\t\tclass=\"so-widget-sow-editor so-widget-sow-editor-base\"\n\t\t\t\n\t\t>\n<div class=\"siteorigin-widget-tinymce textwidget\">\n\t<p><strong>Eine Waschmaschine anschlie\u00dfen? Wir erledigen das f\u00fcr Sie!<\/strong><br \/> Waschmaschinen sind sperrig und schwer, ihr Anschluss ist oft kein Kinderspiel. Wieso \u00fcberlassen Sie die Lieferung also nicht einfach dem Fachmann von Bencke? Wir liefern Ihre neue Waschmaschine, stellen sie auf und schlie\u00dfen sie an, entfernen die Transportsicherungen und pr\u00fcfen die Wasseranschl\u00fcsse auf ihre Dichtheit. Unsere Bencke-Techniker erkl\u00e4ren Ihnen auf Wunsch auch die Grundfunktionen des Ger\u00e4ts und sorgen daf\u00fcr, dass Sie Ihre Waschmaschine sofort nach Lieferung und Installation sicher und zuverl\u00e4ssig in Betrieb nehmen k\u00f6nnen. Selbstverst\u00e4ndlich entsorgen wir auf Wunsch ihr altes Ger\u00e4t fachgerecht.<\/p>\n<\/div>\n<\/div><\/div><\/div><\/div><div id=\"pgc-1863-0-1\"  class=\"panel-grid-cell\" ><div class=\"test2 panel-cell-style panel-cell-style-for-1863-0-1\" ><div id=\"panel-1863-0-1-0\" class=\"so-panel widget widget_pw_person_profile widget-person-profile panel-first-child\" data-index=\"3\" >\n\t<div class=\"card  person-profile\">\n\t\t\t\t<img decoding=\"async\" class=\"person-profile__image  wp-post-image\" src=\"https:\/\/bencke.de\/wp-content\/uploads\/2017\/05\/Michael.Schreder.jpg\" alt=\"Bild von Michael Schreder\">\n\t\t\t\t<div class=\"card-block  person-profile__container\">\n\t\t\t\t\t\t\t<div class=\"person-profile__social-icons\">\n\t\t\t\t\t\t\t\t\t\t\t<a class=\"person-profile__social-icon\" href=\"tel:+494141411131\" target=\"_self\"><i class=\"fa  fa-phone-square\"><\/i><\/a>\n\t\t\t\t\t\t\t\t\t\t\t<a class=\"person-profile__social-icon\" href=\"mailto:michael.schreder@bencke.de\" target=\"_self\"><i class=\"fa  fa-envelope-square\"><\/i><\/a>\n\t\t\t\t\t\t\t\t\t<\/div>\n\t\t\t\t\t\t<div class=\"person-profile__content\">\n\t\t\t\t\t\t\t\t\t<span class=\"person-profile__tag\">Fachberater wei\u00dfe Ware<\/span>\n\t\t\t\t\t\t\t\t<h4 class=\"card-title  person-profile__name\">Michael Schreder<\/h4>\n\t\t\t\t<p class=\"card-text  person-profile__description\">Telefon: 04141 41 11 31<\/p>\n\t\t\t<\/div>\n\t\t<\/div>\n\t<\/div>\n\n<\/div><div id=\"panel-1863-0-1-1\" class=\"so-panel widget widget_sow-editor panel-last-child\" data-index=\"4\" ><div\n\t\t\t\n\t\t\tclass=\"so-widget-sow-editor so-widget-sow-editor-base\"\n\t\t\t\n\t\t>\n<div class=\"siteorigin-widget-tinymce textwidget\">\n\t<h3>Ihre Vorteile<\/h3>\n<ul>\n<li>Pers\u00f6nliche, faire Beratung<\/li>\n<li>Service<\/li>\n<li>Eigene Meisterwerkstatt<\/li>\n<li>Eigener Kundendienst<\/li>\n<li>Montageservice<\/li>\n<li>Lieferung<\/li>\n<li>Preissicherheit \/ Preisgarantie<\/li>\n<li>Finanzierung<\/li>\n<li>Parkpl\u00e4tze<\/li>\n<li>Zentral in Stade gelegen<\/li>\n<li>Geschulte Mitarbeiter<\/li>\n<\/ul>\n<\/div>\n<\/div><\/div><\/div><\/div><\/div><\/div><div id=\"pg-1863-1\"  class=\"panel-grid panel-has-style\" ><div class=\"siteorigin-panels-stretch panel-row-style panel-row-style-for-1863-1\" data-stretch-type=\"full-stretched\" ><div id=\"pgc-1863-1-0\"  class=\"panel-grid-cell\" ><div id=\"panel-1863-1-0-0\" class=\"so-panel widget widget_black-studio-tinymce widget_black_studio_tinymce panel-first-child panel-last-child\" data-index=\"5\" ><div class=\"cmmap panel-widget-style panel-widget-style-for-1863-1-0-0\" ><div class=\"textwidget\"><p> <div class=\"brlbs-cmpnt-container brlbs-cmpnt-content-blocker brlbs-cmpnt-with-individual-styles\" data-borlabs-cookie-content-blocker-id=\"default\" data-borlabs-cookie-content=\"PGlmcmFtZSBsb2FkaW5nPSJsYXp5IiB3aWR0aD0iMTAwJSIgaGVpZ2h0PSI0MDAiIGZyYW1lYm9yZGVyPSIwIiBzY3JvbGxpbmc9Im5vIiBzcmM9Imh0dHBzOi8vYXBwcy5jaXR5LW1hcC5kZS9pbmRleC5waHAvTWFwcy9NYWluQ3VzdG9tZXIvMC8xNTY4L2FwcHMuY2l0eS1tYXAuZGUvZGUvaW50ZXJhY3RpdmUvNDUwLzQ1MC8yIj4gPC9pZnJhbWU+\"><div class=\"brlbs-cmpnt-cb-preset-a\"> <p class=\"brlbs-cmpnt-cb-description\">Sie sehen gerade einen Platzhalterinhalt von <strong>Standard<\/strong>. Um auf den eigentlichen Inhalt zuzugreifen, klicken Sie auf den Button unten. Bitte beachten Sie, dass dabei Daten an Drittanbieter weitergegeben werden.<\/p> <div class=\"brlbs-cmpnt-cb-buttons\"> <a class=\"brlbs-cmpnt-cb-btn\" href=\"#\" data-borlabs-cookie-unblock role=\"button\">Inhalt entsperren<\/a> <a class=\"brlbs-cmpnt-cb-btn\" href=\"#\" data-borlabs-cookie-accept-service role=\"button\" style=\"display: none\">Erforderlichen Service akzeptieren und Inhalte entsperren<\/a> <\/div> <a class=\"brlbs-cmpnt-cb-provider-toggle\" href=\"#\" data-borlabs-cookie-show-provider-information role=\"button\">Weitere Informationen<\/a> <\/div><\/div><\/p>\n<\/div><\/div><\/div><\/div><\/div><\/div><\/div>","protected":false},"excerpt":{"rendered":"<p>Ob Singel-Haushalt oder Gro\u00dffamilie: Bei Bencke finden Sie ein umfangreiches Sortiment an energieeffizienten Waschmaschinen mit g\u00fcnstigem Strom- und Wasserverbrauch.<\/p>\n","protected":false},"author":2,"featured_media":1890,"parent":0,"menu_order":0,"comment_status":"closed","ping_status":"closed","template":"template-front-page-slider.php","meta":{"_acf_changed":false,"footnotes":""},"class_list":["post-1863","page","type-page","status-publish","has-post-thumbnail","hentry"],"acf":[],"yoast_head":"<!-- This site is optimized with the Yoast SEO plugin v27.5 - https:\/\/yoast.com\/product\/yoast-seo-wordpress\/ -->\n<title>Waschmaschienen | BENCKE Stade<\/title>\n<meta name=\"description\" content=\"Waschmaschine \u2013 clever Sparen beim W\u00e4sche waschen\" \/>\n<meta name=\"robots\" content=\"noindex, follow, max-snippet:-1, max-image-preview:large, max-video-preview:-1\" \/>\n<meta property=\"og:locale\" content=\"de_DE\" \/>\n<meta property=\"og:type\" content=\"article\" \/>\n<meta property=\"og:title\" content=\"Waschmaschienen | BENCKE Stade\" \/>\n<meta property=\"og:description\" content=\"Waschmaschine \u2013 clever Sparen beim W\u00e4sche waschen\" \/>\n<meta property=\"og:url\" content=\"https:\/\/bencke.de\/staging\/waschmaschienen\/\" \/>\n<meta property=\"og:site_name\" content=\"BENCKE multimedia GmbH Staging\" \/>\n<meta property=\"article:publisher\" content=\"https:\/\/www.facebook.com\/Bencke-Multimedia-GmbH-109591069133129\/\" \/>\n<meta property=\"article:modified_time\" content=\"2018-08-24T07:06:45+00:00\" \/>\n<meta property=\"og:image\" content=\"https:\/\/bencke.de\/staging\/wp-content\/uploads\/2018\/03\/k-08Miele.jpg\" \/>\n\t<meta property=\"og:image:width\" content=\"600\" \/>\n\t<meta property=\"og:image:height\" content=\"800\" \/>\n\t<meta property=\"og:image:type\" content=\"image\/jpeg\" \/>\n<meta name=\"twitter:card\" content=\"summary_large_image\" \/>\n<meta name=\"twitter:label1\" content=\"Gesch\u00e4tzte Lesezeit\" \/>\n\t<meta name=\"twitter:data1\" content=\"1\u00a0Minute\" \/>\n<script type=\"application\/ld+json\" class=\"yoast-schema-graph\">{\"@context\":\"https:\\\/\\\/schema.org\",\"@graph\":[{\"@type\":\"WebPage\",\"@id\":\"https:\\\/\\\/bencke.de\\\/staging\\\/waschmaschienen\\\/\",\"url\":\"https:\\\/\\\/bencke.de\\\/staging\\\/waschmaschienen\\\/\",\"name\":\"Waschmaschienen | BENCKE Stade\",\"isPartOf\":{\"@id\":\"https:\\\/\\\/bencke.de\\\/staging\\\/#website\"},\"primaryImageOfPage\":{\"@id\":\"https:\\\/\\\/bencke.de\\\/staging\\\/waschmaschienen\\\/#primaryimage\"},\"image\":{\"@id\":\"https:\\\/\\\/bencke.de\\\/staging\\\/waschmaschienen\\\/#primaryimage\"},\"thumbnailUrl\":\"https:\\\/\\\/bencke.de\\\/staging\\\/wp-content\\\/uploads\\\/2018\\\/03\\\/k-08Miele.jpg\",\"datePublished\":\"2018-03-08T15:24:24+00:00\",\"dateModified\":\"2018-08-24T07:06:45+00:00\",\"description\":\"Waschmaschine \u2013 clever Sparen beim W\u00e4sche waschen\",\"breadcrumb\":{\"@id\":\"https:\\\/\\\/bencke.de\\\/staging\\\/waschmaschienen\\\/#breadcrumb\"},\"inLanguage\":\"de\",\"potentialAction\":[{\"@type\":\"ReadAction\",\"target\":[\"https:\\\/\\\/bencke.de\\\/staging\\\/waschmaschienen\\\/\"]}]},{\"@type\":\"ImageObject\",\"inLanguage\":\"de\",\"@id\":\"https:\\\/\\\/bencke.de\\\/staging\\\/waschmaschienen\\\/#primaryimage\",\"url\":\"https:\\\/\\\/bencke.de\\\/staging\\\/wp-content\\\/uploads\\\/2018\\\/03\\\/k-08Miele.jpg\",\"contentUrl\":\"https:\\\/\\\/bencke.de\\\/staging\\\/wp-content\\\/uploads\\\/2018\\\/03\\\/k-08Miele.jpg\",\"width\":600,\"height\":800},{\"@type\":\"BreadcrumbList\",\"@id\":\"https:\\\/\\\/bencke.de\\\/staging\\\/waschmaschienen\\\/#breadcrumb\",\"itemListElement\":[{\"@type\":\"ListItem\",\"position\":1,\"name\":\"Startseite\",\"item\":\"https:\\\/\\\/bencke.de\\\/staging\\\/\"},{\"@type\":\"ListItem\",\"position\":2,\"name\":\"Waschmaschinen\"}]},{\"@type\":\"WebSite\",\"@id\":\"https:\\\/\\\/bencke.de\\\/staging\\\/#website\",\"url\":\"https:\\\/\\\/bencke.de\\\/staging\\\/\",\"name\":\"BENCKE multimedia GmbH Staging\",\"description\":\"\",\"potentialAction\":[{\"@type\":\"SearchAction\",\"target\":{\"@type\":\"EntryPoint\",\"urlTemplate\":\"https:\\\/\\\/bencke.de\\\/staging\\\/?s={search_term_string}\"},\"query-input\":{\"@type\":\"PropertyValueSpecification\",\"valueRequired\":true,\"valueName\":\"search_term_string\"}}],\"inLanguage\":\"de\"}]}<\/script>\n<!-- \/ Yoast SEO plugin. -->","yoast_head_json":{"title":"Waschmaschienen | BENCKE Stade","description":"Waschmaschine \u2013 clever Sparen beim W\u00e4sche waschen","robots":{"index":"noindex","follow":"follow","max-snippet":"max-snippet:-1","max-image-preview":"max-image-preview:large","max-video-preview":"max-video-preview:-1"},"og_locale":"de_DE","og_type":"article","og_title":"Waschmaschienen | BENCKE Stade","og_description":"Waschmaschine \u2013 clever Sparen beim W\u00e4sche waschen","og_url":"https:\/\/bencke.de\/staging\/waschmaschienen\/","og_site_name":"BENCKE multimedia GmbH Staging","article_publisher":"https:\/\/www.facebook.com\/Bencke-Multimedia-GmbH-109591069133129\/","article_modified_time":"2018-08-24T07:06:45+00:00","og_image":[{"width":600,"height":800,"url":"https:\/\/bencke.de\/staging\/wp-content\/uploads\/2018\/03\/k-08Miele.jpg","type":"image\/jpeg"}],"twitter_card":"summary_large_image","twitter_misc":{"Gesch\u00e4tzte Lesezeit":"1\u00a0Minute"},"schema":{"@context":"https:\/\/schema.org","@graph":[{"@type":"WebPage","@id":"https:\/\/bencke.de\/staging\/waschmaschienen\/","url":"https:\/\/bencke.de\/staging\/waschmaschienen\/","name":"Waschmaschienen | BENCKE Stade","isPartOf":{"@id":"https:\/\/bencke.de\/staging\/#website"},"primaryImageOfPage":{"@id":"https:\/\/bencke.de\/staging\/waschmaschienen\/#primaryimage"},"image":{"@id":"https:\/\/bencke.de\/staging\/waschmaschienen\/#primaryimage"},"thumbnailUrl":"https:\/\/bencke.de\/staging\/wp-content\/uploads\/2018\/03\/k-08Miele.jpg","datePublished":"2018-03-08T15:24:24+00:00","dateModified":"2018-08-24T07:06:45+00:00","description":"Waschmaschine \u2013 clever Sparen beim W\u00e4sche waschen","breadcrumb":{"@id":"https:\/\/bencke.de\/staging\/waschmaschienen\/#breadcrumb"},"inLanguage":"de","potentialAction":[{"@type":"ReadAction","target":["https:\/\/bencke.de\/staging\/waschmaschienen\/"]}]},{"@type":"ImageObject","inLanguage":"de","@id":"https:\/\/bencke.de\/staging\/waschmaschienen\/#primaryimage","url":"https:\/\/bencke.de\/staging\/wp-content\/uploads\/2018\/03\/k-08Miele.jpg","contentUrl":"https:\/\/bencke.de\/staging\/wp-content\/uploads\/2018\/03\/k-08Miele.jpg","width":600,"height":800},{"@type":"BreadcrumbList","@id":"https:\/\/bencke.de\/staging\/waschmaschienen\/#breadcrumb","itemListElement":[{"@type":"ListItem","position":1,"name":"Startseite","item":"https:\/\/bencke.de\/staging\/"},{"@type":"ListItem","position":2,"name":"Waschmaschinen"}]},{"@type":"WebSite","@id":"https:\/\/bencke.de\/staging\/#website","url":"https:\/\/bencke.de\/staging\/","name":"BENCKE multimedia GmbH Staging","description":"","potentialAction":[{"@type":"SearchAction","target":{"@type":"EntryPoint","urlTemplate":"https:\/\/bencke.de\/staging\/?s={search_term_string}"},"query-input":{"@type":"PropertyValueSpecification","valueRequired":true,"valueName":"search_term_string"}}],"inLanguage":"de"}]}},"_links":{"self":[{"href":"https:\/\/bencke.de\/staging\/wp-json\/wp\/v2\/pages\/1863","targetHints":{"allow":["GET"]}}],"collection":[{"href":"https:\/\/bencke.de\/staging\/wp-json\/wp\/v2\/pages"}],"about":[{"href":"https:\/\/bencke.de\/staging\/wp-json\/wp\/v2\/types\/page"}],"author":[{"embeddable":true,"href":"https:\/\/bencke.de\/staging\/wp-json\/wp\/v2\/users\/2"}],"replies":[{"embeddable":true,"href":"https:\/\/bencke.de\/staging\/wp-json\/wp\/v2\/comments?post=1863"}],"version-history":[{"count":52,"href":"https:\/\/bencke.de\/staging\/wp-json\/wp\/v2\/pages\/1863\/revisions"}],"predecessor-version":[{"id":2251,"href":"https:\/\/bencke.de\/staging\/wp-json\/wp\/v2\/pages\/1863\/revisions\/2251"}],"wp:featuredmedia":[{"embeddable":true,"href":"https:\/\/bencke.de\/staging\/wp-json\/wp\/v2\/media\/1890"}],"wp:attachment":[{"href":"https:\/\/bencke.de\/staging\/wp-json\/wp\/v2\/media?parent=1863"}],"curies":[{"name":"wp","href":"https:\/\/api.w.org\/{rel}","templated":true}]}}