{"id":2000,"date":"2018-03-09T11:23:29","date_gmt":"2018-03-09T10:23:29","guid":{"rendered":"https:\/\/bencke.de\/?page_id=2000"},"modified":"2018-08-24T09:02:23","modified_gmt":"2018-08-24T07:02:23","slug":"die-firma","status":"publish","type":"page","link":"https:\/\/bencke.de\/staging\/die-firma\/","title":{"rendered":"Bencke"},"content":{"rendered":"<div id=\"pl-2000\"  class=\"panel-layout\" ><div id=\"pg-2000-0\"  class=\"panel-grid panel-has-style\" ><div class=\"test1 panel-row-style panel-row-style-for-2000-0\" ><div id=\"pgc-2000-0-0\"  class=\"panel-grid-cell\" ><div class=\"test2 panel-cell-style panel-cell-style-for-2000-0-0\" ><div id=\"panel-2000-0-0-0\" class=\"so-panel widget widget_black-studio-tinymce widget_black_studio_tinymce panel-first-child\" data-index=\"0\" ><div class=\"textwidget\"><h1>multimedia Bencke<\/h1>\n<\/div><\/div><div id=\"panel-2000-0-0-1\" class=\"so-panel widget widget_black-studio-tinymce widget_black_studio_tinymce panel-last-child\" data-index=\"1\" ><div class=\"textwidget\"><p>1949 gr\u00fcndete Paul Bencke in der Talstra\u00dfe seinen Ein-Mann-Fachbetrieb f\u00fcr Radioger\u00e4te.<\/p><p>1952 mietete Paul Bencke mit seiner Frau Elfriede das ehemalige Papiergesch\u00e4ft Haack in der H\u00f6kerstra\u00dfe 35. Aus dem Familienbetrieb wurde eine aufstrebende Firma mit allen Bereichen der Unterhaltungselektronik.<\/p><p>Sohn Ulrich Bencke besuchte 1969 die Meisterschule f\u00fcr Fernsehtechnik in Oldenburg \u00fcbernahm 1977 den Betrieb.<\/p><p>1985 zog das Unternehmen in die Bungenstra\u00dfe 2 am Stader Fischmarkt. Es zeigte sich jedoch nach wenigen Jahren, dass allem der Servicebetrieb hier nicht sinnvoll untergebracht war. Bencke gliederte das Service-Center mit seinen zehn Mitarbeitern und Service-Fahrzeugen deshalb in die Sachenstra\u00dfe aus.<\/p><p>Mit dem Ende des Telefonmonopols begann die Firma, sich auf diesem Gebiet zu spezialisieren. Ulrich Bencke erwarb die Qualifizierung als Errichter von Telefonanlagen. Der Bereich Telekommunikation gewann schnell an Bedeutung. Mit Norbert Juschka begann in der H\u00f6kerstra\u00dfe 45 eine sehr erfolgreiche eigenst\u00e4ndige Abteilung, die heute Telefonanlagen fast jeder Gr\u00f6\u00dfe im Elbe-Weser-Raum plant und installiert. Auch die Computertechnik gewann mehr an Bedeutung. 2002 bot sich f\u00fcr das Unternehmen die Chance, alle Bereiche in der Hansestra\u00dfe 32 wieder unter ein gemeinsames Dach zu bringen. In den ehemaligen R\u00e4umen der Firma Streeck sind inzwischen 20 Mitarbeiter seitdem optimal untergebracht.<\/p><p>2007 bot Ulrich Bencke den vier l\u00e4ngsten Mitarbeiten Michael Schreder, Oliver Streeck, Dirk Schroeder und Klaus Schumacher eine Teilhaberschaft an der Firma an und wandelte sie in eine GmbH um.<\/p><p>Multimedia Bencke bildet in allen Bereichen aus und legt viel Wert auf die Weiterbildung seiner Mitarbeiter.<\/p><p>2014 verabschiedet sich Ulrich Bencke in den wohlverdienten Ruhestand.<\/p><p>Seit diesem Zeitpunkt wird das Unternehmen von den vier Gesellschaftern in Eigenregie weitergef\u00fchrt.<\/p><p>\u00a0<\/p><p><strong>Starker Partner mit Preisgarantie<\/strong><\/p><p>\u00a0<\/p><p>Multimedia Bencke geh\u00f6rt der Verbundgruppe \u201eEuronics\u201c an. Die Einkaufsgenossenschaft ist mit einem Gesamtumsatz von \u00fcber 3 Milliarden Euro im im Jahr der zweitgr\u00f6\u00dfte Marktteilnehmer der Branche in Deutschland. \u201eEuronics\u201c z\u00e4hlt bundesweit 1.869 Mitglieder an \u00fcber 2.000 Standorten. Mitglieds-H\u00e4ndler profitieren von besonders g\u00fcnstigen Einkaufspreisen, die sie zu dauerhaften Niedrigpreisen an die Kunden weitergeben k\u00f6nnen. Die Eruonics-Preisgarantie verspricht: Wird das erworbene Ger\u00e4te innerhalb von zehn Tagen in einem Gesch\u00e4ft im Umkreis preiswerter angeboten, wird dem K\u00e4ufer der Differenzbetrag erstattet.<\/p><\/div><\/div><\/div><\/div><div id=\"pgc-2000-0-1\"  class=\"panel-grid-cell\" ><div class=\"test2 panel-cell-style panel-cell-style-for-2000-0-1\" ><div id=\"panel-2000-0-1-0\" class=\"so-panel widget widget_black-studio-tinymce widget_black_studio_tinymce panel-first-child panel-last-child\" data-index=\"2\" ><div class=\"benefit--listing featured-widget panel-widget-style panel-widget-style-for-2000-0-1-0\" ><div class=\"textwidget\"><h3>Ihre Vorteile<\/h3>\n<ul>\n<li>Pers\u00f6nliche, faire Beratung<\/li>\n<li>Service<\/li>\n<li>Eigene Meisterwerkstatt<\/li>\n<li>Eigener Kundendienst<\/li>\n<li>Montageservice<\/li>\n<li>Lieferung<\/li>\n<li>Preissicherheit \/ Preisgarantie<\/li>\n<li>Finanzierung<\/li>\n<li>Parkpl\u00e4tze<\/li>\n<li>Zentral in Stade gelegen<\/li>\n<li>Geschulte Mitarbeiter<\/li>\n<\/ul>\n<\/div><\/div><\/div><\/div><\/div><\/div><\/div><div id=\"pg-2000-1\"  class=\"panel-grid panel-has-style\" ><div class=\"siteorigin-panels-stretch panel-row-style panel-row-style-for-2000-1\" data-stretch-type=\"full-stretched\" ><div id=\"pgc-2000-1-0\"  class=\"panel-grid-cell\" ><div id=\"panel-2000-1-0-0\" class=\"so-panel widget widget_black-studio-tinymce widget_black_studio_tinymce panel-first-child panel-last-child\" data-index=\"3\" ><div class=\"cmmap panel-widget-style panel-widget-style-for-2000-1-0-0\" ><div class=\"textwidget\"><p> <div class=\"brlbs-cmpnt-container brlbs-cmpnt-content-blocker brlbs-cmpnt-with-individual-styles\" data-borlabs-cookie-content-blocker-id=\"default\" data-borlabs-cookie-content=\"PGlmcmFtZSBsb2FkaW5nPSJsYXp5IiB3aWR0aD0iMTAwJSIgaGVpZ2h0PSI0MDAiIGZyYW1lYm9yZGVyPSIwIiBzY3JvbGxpbmc9Im5vIiBzcmM9Imh0dHBzOi8vYXBwcy5jaXR5LW1hcC5kZS9pbmRleC5waHAvTWFwcy9NYWluQ3VzdG9tZXIvMC8xNTY4L2FwcHMuY2l0eS1tYXAuZGUvZGUvaW50ZXJhY3RpdmUvNDUwLzQ1MC8yIj4gPC9pZnJhbWU+\"><div class=\"brlbs-cmpnt-cb-preset-a\"> <p class=\"brlbs-cmpnt-cb-description\">Sie sehen gerade einen Platzhalterinhalt von <strong>Standard<\/strong>. Um auf den eigentlichen Inhalt zuzugreifen, klicken Sie auf den Button unten. Bitte beachten Sie, dass dabei Daten an Drittanbieter weitergegeben werden.<\/p> <div class=\"brlbs-cmpnt-cb-buttons\"> <a class=\"brlbs-cmpnt-cb-btn\" href=\"#\" data-borlabs-cookie-unblock role=\"button\">Inhalt entsperren<\/a> <a class=\"brlbs-cmpnt-cb-btn\" href=\"#\" data-borlabs-cookie-accept-service role=\"button\" style=\"display: none\">Erforderlichen Service akzeptieren und Inhalte entsperren<\/a> <\/div> <a class=\"brlbs-cmpnt-cb-provider-toggle\" href=\"#\" data-borlabs-cookie-show-provider-information role=\"button\">Weitere Informationen<\/a> <\/div><\/div><\/p>\n<\/div><\/div><\/div><\/div><\/div><\/div><\/div>","protected":false},"excerpt":{"rendered":"<p>multimedia Bencke 1949 gr\u00fcndete Paul Bencke in der Talstra\u00dfe seinen Ein-Mann-Fachbetrieb f\u00fcr Radioger\u00e4te.1952 mietete Paul Bencke mit seiner Frau Elfriede das ehemalige Papiergesch\u00e4ft Haack in der H\u00f6kerstra\u00dfe 35. Aus dem Familienbetrieb wurde eine aufstrebende Firma mit allen Bereichen der Unterhaltungselektronik.Sohn Ulrich Bencke besuchte 1969 die Meisterschule f\u00fcr Fernsehtechnik in Oldenburg \u00fcbernahm 1977 den Betrieb.1985 zog &hellip;<\/p>\n","protected":false},"author":2,"featured_media":1296,"parent":0,"menu_order":0,"comment_status":"closed","ping_status":"closed","template":"template-front-page-slider.php","meta":{"_acf_changed":false,"footnotes":""},"class_list":["post-2000","page","type-page","status-publish","has-post-thumbnail","hentry"],"acf":[],"yoast_head":"<!-- This site is optimized with the Yoast SEO plugin v27.5 - https:\/\/yoast.com\/product\/yoast-seo-wordpress\/ -->\n<title>Bencke | Elektronik in Stade<\/title>\n<meta name=\"description\" content=\"BENCKE in Stade - markenunabh\u00e4ngige Reparatur von Fernsehern, Audio-Anlagen, Telefonen, \u00dcberwachungssystemen und Netzwerken.\" \/>\n<meta name=\"robots\" content=\"noindex, follow, max-snippet:-1, max-image-preview:large, max-video-preview:-1\" \/>\n<meta property=\"og:locale\" content=\"de_DE\" \/>\n<meta property=\"og:type\" content=\"article\" \/>\n<meta property=\"og:title\" content=\"Bencke | Elektronik in Stade\" \/>\n<meta property=\"og:description\" content=\"BENCKE in Stade - markenunabh\u00e4ngige Reparatur von Fernsehern, Audio-Anlagen, Telefonen, \u00dcberwachungssystemen und Netzwerken.\" \/>\n<meta property=\"og:url\" content=\"https:\/\/bencke.de\/staging\/die-firma\/\" \/>\n<meta property=\"og:site_name\" content=\"BENCKE multimedia GmbH Staging\" \/>\n<meta property=\"article:publisher\" content=\"https:\/\/www.facebook.com\/Bencke-Multimedia-GmbH-109591069133129\/\" \/>\n<meta property=\"article:modified_time\" content=\"2018-08-24T07:02:23+00:00\" \/>\n<meta property=\"og:image\" content=\"https:\/\/bencke.de\/staging\/wp-content\/uploads\/2017\/05\/IMG_0718.jpg\" \/>\n\t<meta property=\"og:image:width\" content=\"1920\" \/>\n\t<meta property=\"og:image:height\" content=\"600\" \/>\n\t<meta property=\"og:image:type\" content=\"image\/jpeg\" \/>\n<meta name=\"twitter:card\" content=\"summary_large_image\" \/>\n<meta name=\"twitter:label1\" content=\"Gesch\u00e4tzte Lesezeit\" \/>\n\t<meta name=\"twitter:data1\" content=\"2\u00a0Minuten\" \/>\n<script type=\"application\/ld+json\" class=\"yoast-schema-graph\">{\"@context\":\"https:\\\/\\\/schema.org\",\"@graph\":[{\"@type\":\"WebPage\",\"@id\":\"https:\\\/\\\/bencke.de\\\/staging\\\/die-firma\\\/\",\"url\":\"https:\\\/\\\/bencke.de\\\/staging\\\/die-firma\\\/\",\"name\":\"Bencke | Elektronik in Stade\",\"isPartOf\":{\"@id\":\"https:\\\/\\\/bencke.de\\\/staging\\\/#website\"},\"primaryImageOfPage\":{\"@id\":\"https:\\\/\\\/bencke.de\\\/staging\\\/die-firma\\\/#primaryimage\"},\"image\":{\"@id\":\"https:\\\/\\\/bencke.de\\\/staging\\\/die-firma\\\/#primaryimage\"},\"thumbnailUrl\":\"https:\\\/\\\/bencke.de\\\/staging\\\/wp-content\\\/uploads\\\/2017\\\/05\\\/IMG_0718.jpg\",\"datePublished\":\"2018-03-09T10:23:29+00:00\",\"dateModified\":\"2018-08-24T07:02:23+00:00\",\"description\":\"BENCKE in Stade - markenunabh\u00e4ngige Reparatur von Fernsehern, Audio-Anlagen, Telefonen, \u00dcberwachungssystemen und Netzwerken.\",\"breadcrumb\":{\"@id\":\"https:\\\/\\\/bencke.de\\\/staging\\\/die-firma\\\/#breadcrumb\"},\"inLanguage\":\"de\",\"potentialAction\":[{\"@type\":\"ReadAction\",\"target\":[\"https:\\\/\\\/bencke.de\\\/staging\\\/die-firma\\\/\"]}]},{\"@type\":\"ImageObject\",\"inLanguage\":\"de\",\"@id\":\"https:\\\/\\\/bencke.de\\\/staging\\\/die-firma\\\/#primaryimage\",\"url\":\"https:\\\/\\\/bencke.de\\\/staging\\\/wp-content\\\/uploads\\\/2017\\\/05\\\/IMG_0718.jpg\",\"contentUrl\":\"https:\\\/\\\/bencke.de\\\/staging\\\/wp-content\\\/uploads\\\/2017\\\/05\\\/IMG_0718.jpg\",\"width\":1920,\"height\":600},{\"@type\":\"BreadcrumbList\",\"@id\":\"https:\\\/\\\/bencke.de\\\/staging\\\/die-firma\\\/#breadcrumb\",\"itemListElement\":[{\"@type\":\"ListItem\",\"position\":1,\"name\":\"Startseite\",\"item\":\"https:\\\/\\\/bencke.de\\\/staging\\\/\"},{\"@type\":\"ListItem\",\"position\":2,\"name\":\"Bencke\"}]},{\"@type\":\"WebSite\",\"@id\":\"https:\\\/\\\/bencke.de\\\/staging\\\/#website\",\"url\":\"https:\\\/\\\/bencke.de\\\/staging\\\/\",\"name\":\"BENCKE multimedia GmbH Staging\",\"description\":\"\",\"potentialAction\":[{\"@type\":\"SearchAction\",\"target\":{\"@type\":\"EntryPoint\",\"urlTemplate\":\"https:\\\/\\\/bencke.de\\\/staging\\\/?s={search_term_string}\"},\"query-input\":{\"@type\":\"PropertyValueSpecification\",\"valueRequired\":true,\"valueName\":\"search_term_string\"}}],\"inLanguage\":\"de\"}]}<\/script>\n<!-- \/ Yoast SEO plugin. -->","yoast_head_json":{"title":"Bencke | Elektronik in Stade","description":"BENCKE in Stade - markenunabh\u00e4ngige Reparatur von Fernsehern, Audio-Anlagen, Telefonen, \u00dcberwachungssystemen und Netzwerken.","robots":{"index":"noindex","follow":"follow","max-snippet":"max-snippet:-1","max-image-preview":"max-image-preview:large","max-video-preview":"max-video-preview:-1"},"og_locale":"de_DE","og_type":"article","og_title":"Bencke | Elektronik in Stade","og_description":"BENCKE in Stade - markenunabh\u00e4ngige Reparatur von Fernsehern, Audio-Anlagen, Telefonen, \u00dcberwachungssystemen und Netzwerken.","og_url":"https:\/\/bencke.de\/staging\/die-firma\/","og_site_name":"BENCKE multimedia GmbH Staging","article_publisher":"https:\/\/www.facebook.com\/Bencke-Multimedia-GmbH-109591069133129\/","article_modified_time":"2018-08-24T07:02:23+00:00","og_image":[{"width":1920,"height":600,"url":"https:\/\/bencke.de\/staging\/wp-content\/uploads\/2017\/05\/IMG_0718.jpg","type":"image\/jpeg"}],"twitter_card":"summary_large_image","twitter_misc":{"Gesch\u00e4tzte Lesezeit":"2\u00a0Minuten"},"schema":{"@context":"https:\/\/schema.org","@graph":[{"@type":"WebPage","@id":"https:\/\/bencke.de\/staging\/die-firma\/","url":"https:\/\/bencke.de\/staging\/die-firma\/","name":"Bencke | Elektronik in Stade","isPartOf":{"@id":"https:\/\/bencke.de\/staging\/#website"},"primaryImageOfPage":{"@id":"https:\/\/bencke.de\/staging\/die-firma\/#primaryimage"},"image":{"@id":"https:\/\/bencke.de\/staging\/die-firma\/#primaryimage"},"thumbnailUrl":"https:\/\/bencke.de\/staging\/wp-content\/uploads\/2017\/05\/IMG_0718.jpg","datePublished":"2018-03-09T10:23:29+00:00","dateModified":"2018-08-24T07:02:23+00:00","description":"BENCKE in Stade - markenunabh\u00e4ngige Reparatur von Fernsehern, Audio-Anlagen, Telefonen, \u00dcberwachungssystemen und Netzwerken.","breadcrumb":{"@id":"https:\/\/bencke.de\/staging\/die-firma\/#breadcrumb"},"inLanguage":"de","potentialAction":[{"@type":"ReadAction","target":["https:\/\/bencke.de\/staging\/die-firma\/"]}]},{"@type":"ImageObject","inLanguage":"de","@id":"https:\/\/bencke.de\/staging\/die-firma\/#primaryimage","url":"https:\/\/bencke.de\/staging\/wp-content\/uploads\/2017\/05\/IMG_0718.jpg","contentUrl":"https:\/\/bencke.de\/staging\/wp-content\/uploads\/2017\/05\/IMG_0718.jpg","width":1920,"height":600},{"@type":"BreadcrumbList","@id":"https:\/\/bencke.de\/staging\/die-firma\/#breadcrumb","itemListElement":[{"@type":"ListItem","position":1,"name":"Startseite","item":"https:\/\/bencke.de\/staging\/"},{"@type":"ListItem","position":2,"name":"Bencke"}]},{"@type":"WebSite","@id":"https:\/\/bencke.de\/staging\/#website","url":"https:\/\/bencke.de\/staging\/","name":"BENCKE multimedia GmbH Staging","description":"","potentialAction":[{"@type":"SearchAction","target":{"@type":"EntryPoint","urlTemplate":"https:\/\/bencke.de\/staging\/?s={search_term_string}"},"query-input":{"@type":"PropertyValueSpecification","valueRequired":true,"valueName":"search_term_string"}}],"inLanguage":"de"}]}},"_links":{"self":[{"href":"https:\/\/bencke.de\/staging\/wp-json\/wp\/v2\/pages\/2000","targetHints":{"allow":["GET"]}}],"collection":[{"href":"https:\/\/bencke.de\/staging\/wp-json\/wp\/v2\/pages"}],"about":[{"href":"https:\/\/bencke.de\/staging\/wp-json\/wp\/v2\/types\/page"}],"author":[{"embeddable":true,"href":"https:\/\/bencke.de\/staging\/wp-json\/wp\/v2\/users\/2"}],"replies":[{"embeddable":true,"href":"https:\/\/bencke.de\/staging\/wp-json\/wp\/v2\/comments?post=2000"}],"version-history":[{"count":10,"href":"https:\/\/bencke.de\/staging\/wp-json\/wp\/v2\/pages\/2000\/revisions"}],"predecessor-version":[{"id":2224,"href":"https:\/\/bencke.de\/staging\/wp-json\/wp\/v2\/pages\/2000\/revisions\/2224"}],"wp:featuredmedia":[{"embeddable":true,"href":"https:\/\/bencke.de\/staging\/wp-json\/wp\/v2\/media\/1296"}],"wp:attachment":[{"href":"https:\/\/bencke.de\/staging\/wp-json\/wp\/v2\/media?parent=2000"}],"curies":[{"name":"wp","href":"https:\/\/api.w.org\/{rel}","templated":true}]}}