{"id":860,"date":"2017-05-09T16:37:10","date_gmt":"2017-05-09T14:37:10","guid":{"rendered":"https:\/\/bencke.de\/?page_id=860"},"modified":"2018-08-24T09:04:36","modified_gmt":"2018-08-24T07:04:36","slug":"netzwerktechnik-computer","status":"publish","type":"page","link":"https:\/\/bencke.de\/staging\/netzwerktechnik-computer\/","title":{"rendered":"Netzwerke &#038; Computer"},"content":{"rendered":"<div id=\"pl-860\"  class=\"panel-layout\" ><div id=\"pg-860-0\"  class=\"panel-grid panel-has-style\" ><div class=\"test1 panel-row-style panel-row-style-for-860-0\" ><div id=\"pgc-860-0-0\"  class=\"panel-grid-cell\" ><div class=\"test2 panel-cell-style panel-cell-style-for-860-0-0\" ><div id=\"panel-860-0-0-0\" class=\"so-panel widget widget_sow-editor panel-first-child\" data-index=\"0\" ><div\n\t\t\t\n\t\t\tclass=\"so-widget-sow-editor so-widget-sow-editor-base\"\n\t\t\t\n\t\t>\n<div class=\"siteorigin-widget-tinymce textwidget\">\n\t<h1>Netzwerke &amp; Computer<\/h1>\n<\/div>\n<\/div><\/div><div id=\"panel-860-0-0-1\" class=\"so-panel widget widget_sow-editor\" data-index=\"1\" ><div\n\t\t\t\n\t\t\tclass=\"so-widget-sow-editor so-widget-sow-editor-base\"\n\t\t\t\n\t\t>\n<div class=\"siteorigin-widget-tinymce textwidget\">\n\t<h3 class=\"tinymcewysiwyg\">Computersysteme<\/h3>\n<p class=\"tinymcewysiwyg\">Kaum ein Unternehmen, das heutzutage noch ohne integrierte Computersysteme auskommt. Wichtig ist, den Bedarf genau zu definieren und die jeweils passende Netzwerktechnik zu installieren.<br \/> Nat\u00fcrlich so, dass der Betrieb nebenher weiterhin l\u00e4uft und Schnittstellen stimmen. Wir sind bekannt f\u00fcr unsere kompetente Beratung, den reibungslosen Einbau und betreuenden Rund-um-Service.<\/p>\n<h4 class=\"tinymcewysiwyg\">Bencke. Seit Jahrzehnten.<\/h4>\n<\/div>\n<\/div><\/div><div id=\"panel-860-0-0-2\" class=\"so-panel widget widget_sow-editor\" data-index=\"2\" ><div\n\t\t\t\n\t\t\tclass=\"so-widget-sow-editor so-widget-sow-editor-base\"\n\t\t\t\n\t\t><h3 class=\"widget-title\"><span class=\"widget-title__inline\">Sofware<\/span><\/h3>\n<div class=\"siteorigin-widget-tinymce textwidget\">\n\t<div class=\"siteorigin-widget-tinymce textwidget\">\n<div class=\"textwidget\">\n<h3>\u00a0Tobit David. Bringt Unternehmen auf die \u00dcberholspur<\/h3>\n<p>Das Internet hat alles auf den Kopf gestellt: Nicht mehr die Gro\u00dfen fressen die Kleinen. Sondern die Schnellen die Langsamen. Wenn Sie auch in Zukunft besser sein wollen als andere, dann m\u00fcssen Sie schneller sein! Denn je fr\u00fcher Sie wissen, was l\u00e4uft, umso mehr Zeit bleibt Ihnen zum Nachdenken und Recherchieren. Und zum Handeln! Das brandneue David revolutioniert den Umgang mit Informationen.<br \/> Information erhalten ist eine Sache. Information zu verbreiten, eine andere. David ist das ultimative Werkzeug f\u00fcr Kommunikation und Publikation. Ob eMail, Fax oder Sprache. Ob Bilder, SMS oder RSS: Keine andere Software bietet diese fantastischen M\u00f6glichkeiten!<br \/> Seit mehr als zehn Jahren schon gilt David als Ma\u00df aller Dinge f\u00fcr Information Serving. Jetzt setzt die brandneue Generation noch einmal ganz neue Ma\u00dfst\u00e4be: David.fx. F\u00fcr die schnellsten Unternehmen der Welt.<br \/>Weitere Details\u00a0zu Software finden sie unter <a href=\"http:\/\/www.tobit.net\" target=\"_blank\" rel=\"noopener noreferrer\">www.tobit.net<\/a><\/p>\n<\/div>\n<\/div>\n<\/div>\n<\/div><\/div><div id=\"panel-860-0-0-3\" class=\"so-panel widget widget_sow-editor\" data-index=\"3\" ><div\n\t\t\t\n\t\t\tclass=\"so-widget-sow-editor so-widget-sow-editor-base\"\n\t\t\t\n\t\t><h3 class=\"widget-title\"><span class=\"widget-title__inline\">Hardware<\/span><\/h3>\n<div class=\"siteorigin-widget-tinymce textwidget\">\n\t<div class=\"siteorigin-widget-tinymce textwidget\">\n<div class=\"textwidget\">\n<h4 class=\"tinymcewysiwyg\">Hardware nach Ma\u00df - So wie Sie es w\u00fcnschen<\/h4>\n<p class=\"tinymcewysiwyg\">Pers\u00f6nliche Beratung durch unser Fachpersonal, ma\u00dfgeschneiderte PCs, Notebooks, Server und Storage-L\u00f6sungen nach Ihren pers\u00f6nlichen Anforderungen und entsprechend Ihrem pers\u00f6nlichen Budgetrahmen.<br \/> <strong>Und mal ehrlich:<\/strong><br \/> Was n\u00fctzt Ihnen ein Server von der Stange, der nicht in der Lage ist, mit Ihrem Unternehmen mitzuwachsen? Ein Server unter Ihrem Schreibtisch, der aufgrund zu hoher Ger\u00e4uschwerte effektives Arbeiten unm\u00f6glich macht? Oder gar ein kosteng\u00fcnstiges Ultraportable Notebook, das zwar klein im Anschaffungspreis ist, dessen Akku aber schon nach k\u00fcrzester Zeit schlapp macht?<br \/> All das deckt sich nicht mit unseren Anspr\u00fcchen an Qualit\u00e4t und Leistung. Wir wollen, dass Sie sicher arbeiten k\u00f6nnen und mit der Wahl Ihres Partners zufrieden sind. Erst dann sind wir es auch.<\/p>\n<\/div>\n<\/div>\n<\/div>\n<\/div><\/div><div id=\"panel-860-0-0-4\" class=\"so-panel widget widget_sow-editor panel-last-child\" data-index=\"4\" ><div\n\t\t\t\n\t\t\tclass=\"so-widget-sow-editor so-widget-sow-editor-base\"\n\t\t\t\n\t\t><h3 class=\"widget-title\"><span class=\"widget-title__inline\">Netzwerk<\/span><\/h3>\n<div class=\"siteorigin-widget-tinymce textwidget\">\n\t<div class=\"siteorigin-widget-tinymce textwidget\">\n<div class=\"textwidget\">\n<h3 class=\"tinymcewysiwyg\">Netzwerktechnik ma\u00dfgeschneidert<\/h3>\n<p class=\"tinymcewysiwyg\">Netzwerk, das Fundament in der Computerwelt. Ob DSL, E-Mail, Drucken, \u00fcberall wird immer mehr Netzwerktechnik eingesetzt. Wir k\u00fcmmern uns um die optimale Netzwerkumsetzung und zwar Individuell auf die Bed\u00fcrfnisse Ihres Hauses zugeschnitten.<\/p>\n<\/div>\n<\/div>\n<\/div>\n<\/div><\/div><\/div><\/div><div id=\"pgc-860-0-1\"  class=\"panel-grid-cell\" ><div class=\"test2 panel-cell-style panel-cell-style-for-860-0-1\" ><div id=\"panel-860-0-1-0\" class=\"so-panel widget widget_pw_person_profile widget-person-profile panel-first-child\" data-index=\"5\" >\n\t<div class=\"card  person-profile\">\n\t\t\t\t<img decoding=\"async\" class=\"person-profile__image  wp-post-image\" src=\"https:\/\/bencke.de\/wp-content\/uploads\/2017\/05\/Pasquale-Chianese.jpg\" alt=\"Bild von Pasquale Chianese\">\n\t\t\t\t<div class=\"card-block  person-profile__container\">\n\t\t\t\t\t\t\t<div class=\"person-profile__social-icons\">\n\t\t\t\t\t\t\t\t\t\t\t<a class=\"person-profile__social-icon\" href=\"tel:+494141411133\" target=\"_self\"><i class=\"fa  fa-phone-square\"><\/i><\/a>\n\t\t\t\t\t\t\t\t\t\t\t<a class=\"person-profile__social-icon\" href=\"mailto:pasquale.chianese@bencke.de\" target=\"_self\"><i class=\"fa  fa-envelope-square\"><\/i><\/a>\n\t\t\t\t\t\t\t\t\t<\/div>\n\t\t\t\t\t\t<div class=\"person-profile__content\">\n\t\t\t\t\t\t\t\t\t<span class=\"person-profile__tag\">Spezialist Computer<\/span>\n\t\t\t\t\t\t\t\t<h4 class=\"card-title  person-profile__name\">Pasquale Chianese<\/h4>\n\t\t\t\t<p class=\"card-text  person-profile__description\">Telefon: 04141 - 41 11 33<\/p>\n\t\t\t<\/div>\n\t\t<\/div>\n\t<\/div>\n\n<\/div><div id=\"panel-860-0-1-1\" class=\"so-panel widget widget_sow-editor panel-last-child\" data-index=\"6\" ><div\n\t\t\t\n\t\t\tclass=\"so-widget-sow-editor so-widget-sow-editor-base\"\n\t\t\t\n\t\t>\n<div class=\"siteorigin-widget-tinymce textwidget\">\n\t<h3>Ihre Vorteile<\/h3>\n<ul>\n<li>Pers\u00f6nliche, faire Beratung<\/li>\n<li>Service<\/li>\n<li>Eigene Meisterwerkstatt<\/li>\n<li>Eigener Kundendienst<\/li>\n<li>Montageservice<\/li>\n<li>Lieferung<\/li>\n<li>Preissicherheit \/ Preisgarantie<\/li>\n<li>Finanzierung<\/li>\n<li>Parkpl\u00e4tze<\/li>\n<li>Zentral in Stade gelegen<\/li>\n<li>Geschulte Mitarbeiter<\/li>\n<\/ul>\n<\/div>\n<\/div><\/div><\/div><\/div><\/div><\/div><div id=\"pg-860-1\"  class=\"panel-grid panel-has-style\" ><div class=\"siteorigin-panels-stretch panel-row-style panel-row-style-for-860-1\" data-stretch-type=\"full-stretched\" ><div id=\"pgc-860-1-0\"  class=\"panel-grid-cell\" ><div id=\"panel-860-1-0-0\" class=\"so-panel widget widget_black-studio-tinymce widget_black_studio_tinymce panel-first-child panel-last-child\" data-index=\"7\" ><div class=\"cmmap panel-widget-style panel-widget-style-for-860-1-0-0\" ><div class=\"textwidget\"><p> <div class=\"brlbs-cmpnt-container brlbs-cmpnt-content-blocker brlbs-cmpnt-with-individual-styles\" data-borlabs-cookie-content-blocker-id=\"default\" data-borlabs-cookie-content=\"PGlmcmFtZSBsb2FkaW5nPSJsYXp5IiB3aWR0aD0iMTAwJSIgaGVpZ2h0PSI0MDAiIGZyYW1lYm9yZGVyPSIwIiBzY3JvbGxpbmc9Im5vIiBzcmM9Imh0dHBzOi8vYXBwcy5jaXR5LW1hcC5kZS9pbmRleC5waHAvTWFwcy9NYWluQ3VzdG9tZXIvMC8xNTY4L2FwcHMuY2l0eS1tYXAuZGUvZGUvaW50ZXJhY3RpdmUvNDUwLzQ1MC8yIj4gPC9pZnJhbWU+\"><div class=\"brlbs-cmpnt-cb-preset-a\"> <p class=\"brlbs-cmpnt-cb-description\">Sie sehen gerade einen Platzhalterinhalt von <strong>Standard<\/strong>. Um auf den eigentlichen Inhalt zuzugreifen, klicken Sie auf den Button unten. Bitte beachten Sie, dass dabei Daten an Drittanbieter weitergegeben werden.<\/p> <div class=\"brlbs-cmpnt-cb-buttons\"> <a class=\"brlbs-cmpnt-cb-btn\" href=\"#\" data-borlabs-cookie-unblock role=\"button\">Inhalt entsperren<\/a> <a class=\"brlbs-cmpnt-cb-btn\" href=\"#\" data-borlabs-cookie-accept-service role=\"button\" style=\"display: none\">Erforderlichen Service akzeptieren und Inhalte entsperren<\/a> <\/div> <a class=\"brlbs-cmpnt-cb-provider-toggle\" href=\"#\" data-borlabs-cookie-show-provider-information role=\"button\">Weitere Informationen<\/a> <\/div><\/div><\/p>\n<\/div><\/div><\/div><\/div><\/div><\/div><\/div>","protected":false},"excerpt":{"rendered":"<p>Das Fundament jedes Unternehmens ist das Netzwerk. Unsere Fachexperten sorgen f\u00fcr die optimale Netzwerkumsetzung, individuell auf Ihre Bed\u00fcrfnisse zugeschnitten. <\/p>\n","protected":false},"author":1,"featured_media":2048,"parent":0,"menu_order":0,"comment_status":"closed","ping_status":"closed","template":"template-front-page-slider.php","meta":{"_acf_changed":false,"footnotes":""},"class_list":["post-860","page","type-page","status-publish","has-post-thumbnail","hentry"],"acf":[],"yoast_head":"<!-- This site is optimized with the Yoast SEO plugin v27.5 - https:\/\/yoast.com\/product\/yoast-seo-wordpress\/ -->\n<title>Netzwerke &amp; Computer Stade | multimedia BENCKE<\/title>\n<meta name=\"description\" content=\"Netzwerke &amp; Computer Stade - Integrierte Computersysteme f\u00fcr das B\u00fcro und f\u00fcr zu Hause. Soft- und Hardwarel\u00f6sungen von multimedia BENCKE Stade.\" \/>\n<meta name=\"robots\" content=\"noindex, follow, max-snippet:-1, max-image-preview:large, max-video-preview:-1\" \/>\n<meta property=\"og:locale\" content=\"de_DE\" \/>\n<meta property=\"og:type\" content=\"article\" \/>\n<meta property=\"og:title\" content=\"Netzwerke &amp; Computer Stade | multimedia BENCKE\" \/>\n<meta property=\"og:description\" content=\"Netzwerke &amp; Computer Stade - Integrierte Computersysteme f\u00fcr das B\u00fcro und f\u00fcr zu Hause. Soft- und Hardwarel\u00f6sungen von multimedia BENCKE Stade.\" \/>\n<meta property=\"og:url\" content=\"https:\/\/bencke.de\/staging\/netzwerktechnik-computer\/\" \/>\n<meta property=\"og:site_name\" content=\"BENCKE multimedia GmbH Staging\" \/>\n<meta property=\"article:publisher\" content=\"https:\/\/www.facebook.com\/Bencke-Multimedia-GmbH-109591069133129\/\" \/>\n<meta property=\"article:modified_time\" content=\"2018-08-24T07:04:36+00:00\" \/>\n<meta property=\"og:image\" content=\"https:\/\/bencke.de\/staging\/wp-content\/uploads\/2017\/05\/monitore.jpg\" \/>\n\t<meta property=\"og:image:width\" content=\"1920\" \/>\n\t<meta property=\"og:image:height\" content=\"600\" \/>\n\t<meta property=\"og:image:type\" content=\"image\/jpeg\" \/>\n<meta name=\"twitter:card\" content=\"summary_large_image\" \/>\n<meta name=\"twitter:label1\" content=\"Gesch\u00e4tzte Lesezeit\" \/>\n\t<meta name=\"twitter:data1\" content=\"2\u00a0Minuten\" \/>\n<script type=\"application\/ld+json\" class=\"yoast-schema-graph\">{\"@context\":\"https:\\\/\\\/schema.org\",\"@graph\":[{\"@type\":\"WebPage\",\"@id\":\"https:\\\/\\\/bencke.de\\\/staging\\\/netzwerktechnik-computer\\\/\",\"url\":\"https:\\\/\\\/bencke.de\\\/staging\\\/netzwerktechnik-computer\\\/\",\"name\":\"Netzwerke & Computer Stade | multimedia BENCKE\",\"isPartOf\":{\"@id\":\"https:\\\/\\\/bencke.de\\\/staging\\\/#website\"},\"primaryImageOfPage\":{\"@id\":\"https:\\\/\\\/bencke.de\\\/staging\\\/netzwerktechnik-computer\\\/#primaryimage\"},\"image\":{\"@id\":\"https:\\\/\\\/bencke.de\\\/staging\\\/netzwerktechnik-computer\\\/#primaryimage\"},\"thumbnailUrl\":\"https:\\\/\\\/bencke.de\\\/staging\\\/wp-content\\\/uploads\\\/2017\\\/05\\\/monitore.jpg\",\"datePublished\":\"2017-05-09T14:37:10+00:00\",\"dateModified\":\"2018-08-24T07:04:36+00:00\",\"description\":\"Netzwerke & Computer Stade - Integrierte Computersysteme f\u00fcr das B\u00fcro und f\u00fcr zu Hause. Soft- und Hardwarel\u00f6sungen von multimedia BENCKE Stade.\",\"breadcrumb\":{\"@id\":\"https:\\\/\\\/bencke.de\\\/staging\\\/netzwerktechnik-computer\\\/#breadcrumb\"},\"inLanguage\":\"de\",\"potentialAction\":[{\"@type\":\"ReadAction\",\"target\":[\"https:\\\/\\\/bencke.de\\\/staging\\\/netzwerktechnik-computer\\\/\"]}]},{\"@type\":\"ImageObject\",\"inLanguage\":\"de\",\"@id\":\"https:\\\/\\\/bencke.de\\\/staging\\\/netzwerktechnik-computer\\\/#primaryimage\",\"url\":\"https:\\\/\\\/bencke.de\\\/staging\\\/wp-content\\\/uploads\\\/2017\\\/05\\\/monitore.jpg\",\"contentUrl\":\"https:\\\/\\\/bencke.de\\\/staging\\\/wp-content\\\/uploads\\\/2017\\\/05\\\/monitore.jpg\",\"width\":1920,\"height\":600},{\"@type\":\"BreadcrumbList\",\"@id\":\"https:\\\/\\\/bencke.de\\\/staging\\\/netzwerktechnik-computer\\\/#breadcrumb\",\"itemListElement\":[{\"@type\":\"ListItem\",\"position\":1,\"name\":\"Startseite\",\"item\":\"https:\\\/\\\/bencke.de\\\/staging\\\/\"},{\"@type\":\"ListItem\",\"position\":2,\"name\":\"Netzwerke &#038; Computer\"}]},{\"@type\":\"WebSite\",\"@id\":\"https:\\\/\\\/bencke.de\\\/staging\\\/#website\",\"url\":\"https:\\\/\\\/bencke.de\\\/staging\\\/\",\"name\":\"BENCKE multimedia GmbH Staging\",\"description\":\"\",\"potentialAction\":[{\"@type\":\"SearchAction\",\"target\":{\"@type\":\"EntryPoint\",\"urlTemplate\":\"https:\\\/\\\/bencke.de\\\/staging\\\/?s={search_term_string}\"},\"query-input\":{\"@type\":\"PropertyValueSpecification\",\"valueRequired\":true,\"valueName\":\"search_term_string\"}}],\"inLanguage\":\"de\"}]}<\/script>\n<!-- \/ Yoast SEO plugin. -->","yoast_head_json":{"title":"Netzwerke & Computer Stade | multimedia BENCKE","description":"Netzwerke & Computer Stade - Integrierte Computersysteme f\u00fcr das B\u00fcro und f\u00fcr zu Hause. Soft- und Hardwarel\u00f6sungen von multimedia BENCKE Stade.","robots":{"index":"noindex","follow":"follow","max-snippet":"max-snippet:-1","max-image-preview":"max-image-preview:large","max-video-preview":"max-video-preview:-1"},"og_locale":"de_DE","og_type":"article","og_title":"Netzwerke & Computer Stade | multimedia BENCKE","og_description":"Netzwerke & Computer Stade - Integrierte Computersysteme f\u00fcr das B\u00fcro und f\u00fcr zu Hause. Soft- und Hardwarel\u00f6sungen von multimedia BENCKE Stade.","og_url":"https:\/\/bencke.de\/staging\/netzwerktechnik-computer\/","og_site_name":"BENCKE multimedia GmbH Staging","article_publisher":"https:\/\/www.facebook.com\/Bencke-Multimedia-GmbH-109591069133129\/","article_modified_time":"2018-08-24T07:04:36+00:00","og_image":[{"width":1920,"height":600,"url":"https:\/\/bencke.de\/staging\/wp-content\/uploads\/2017\/05\/monitore.jpg","type":"image\/jpeg"}],"twitter_card":"summary_large_image","twitter_misc":{"Gesch\u00e4tzte Lesezeit":"2\u00a0Minuten"},"schema":{"@context":"https:\/\/schema.org","@graph":[{"@type":"WebPage","@id":"https:\/\/bencke.de\/staging\/netzwerktechnik-computer\/","url":"https:\/\/bencke.de\/staging\/netzwerktechnik-computer\/","name":"Netzwerke & Computer Stade | multimedia BENCKE","isPartOf":{"@id":"https:\/\/bencke.de\/staging\/#website"},"primaryImageOfPage":{"@id":"https:\/\/bencke.de\/staging\/netzwerktechnik-computer\/#primaryimage"},"image":{"@id":"https:\/\/bencke.de\/staging\/netzwerktechnik-computer\/#primaryimage"},"thumbnailUrl":"https:\/\/bencke.de\/staging\/wp-content\/uploads\/2017\/05\/monitore.jpg","datePublished":"2017-05-09T14:37:10+00:00","dateModified":"2018-08-24T07:04:36+00:00","description":"Netzwerke & Computer Stade - Integrierte Computersysteme f\u00fcr das B\u00fcro und f\u00fcr zu Hause. Soft- und Hardwarel\u00f6sungen von multimedia BENCKE Stade.","breadcrumb":{"@id":"https:\/\/bencke.de\/staging\/netzwerktechnik-computer\/#breadcrumb"},"inLanguage":"de","potentialAction":[{"@type":"ReadAction","target":["https:\/\/bencke.de\/staging\/netzwerktechnik-computer\/"]}]},{"@type":"ImageObject","inLanguage":"de","@id":"https:\/\/bencke.de\/staging\/netzwerktechnik-computer\/#primaryimage","url":"https:\/\/bencke.de\/staging\/wp-content\/uploads\/2017\/05\/monitore.jpg","contentUrl":"https:\/\/bencke.de\/staging\/wp-content\/uploads\/2017\/05\/monitore.jpg","width":1920,"height":600},{"@type":"BreadcrumbList","@id":"https:\/\/bencke.de\/staging\/netzwerktechnik-computer\/#breadcrumb","itemListElement":[{"@type":"ListItem","position":1,"name":"Startseite","item":"https:\/\/bencke.de\/staging\/"},{"@type":"ListItem","position":2,"name":"Netzwerke &#038; Computer"}]},{"@type":"WebSite","@id":"https:\/\/bencke.de\/staging\/#website","url":"https:\/\/bencke.de\/staging\/","name":"BENCKE multimedia GmbH Staging","description":"","potentialAction":[{"@type":"SearchAction","target":{"@type":"EntryPoint","urlTemplate":"https:\/\/bencke.de\/staging\/?s={search_term_string}"},"query-input":{"@type":"PropertyValueSpecification","valueRequired":true,"valueName":"search_term_string"}}],"inLanguage":"de"}]}},"_links":{"self":[{"href":"https:\/\/bencke.de\/staging\/wp-json\/wp\/v2\/pages\/860","targetHints":{"allow":["GET"]}}],"collection":[{"href":"https:\/\/bencke.de\/staging\/wp-json\/wp\/v2\/pages"}],"about":[{"href":"https:\/\/bencke.de\/staging\/wp-json\/wp\/v2\/types\/page"}],"author":[{"embeddable":true,"href":"https:\/\/bencke.de\/staging\/wp-json\/wp\/v2\/users\/1"}],"replies":[{"embeddable":true,"href":"https:\/\/bencke.de\/staging\/wp-json\/wp\/v2\/comments?post=860"}],"version-history":[{"count":61,"href":"https:\/\/bencke.de\/staging\/wp-json\/wp\/v2\/pages\/860\/revisions"}],"predecessor-version":[{"id":2237,"href":"https:\/\/bencke.de\/staging\/wp-json\/wp\/v2\/pages\/860\/revisions\/2237"}],"wp:featuredmedia":[{"embeddable":true,"href":"https:\/\/bencke.de\/staging\/wp-json\/wp\/v2\/media\/2048"}],"wp:attachment":[{"href":"https:\/\/bencke.de\/staging\/wp-json\/wp\/v2\/media?parent=860"}],"curies":[{"name":"wp","href":"https:\/\/api.w.org\/{rel}","templated":true}]}}