{"id":868,"date":"2017-05-09T16:37:56","date_gmt":"2017-05-09T14:37:56","guid":{"rendered":"https:\/\/bencke.de\/?page_id=868"},"modified":"2018-08-24T09:07:12","modified_gmt":"2018-08-24T07:07:12","slug":"werkstattservice","status":"publish","type":"page","link":"https:\/\/bencke.de\/staging\/werkstattservice\/","title":{"rendered":"Werkstatt &#038; Service"},"content":{"rendered":"<div id=\"pl-868\"  class=\"panel-layout\" ><div id=\"pg-868-0\"  class=\"panel-grid panel-has-style\" ><div class=\"test1 panel-row-style panel-row-style-for-868-0\" ><div id=\"pgc-868-0-0\"  class=\"panel-grid-cell\" ><div class=\"test2 panel-cell-style panel-cell-style-for-868-0-0\" ><div id=\"panel-868-0-0-0\" class=\"so-panel widget widget_sow-editor panel-first-child\" data-index=\"0\" ><div\n\t\t\t\n\t\t\tclass=\"so-widget-sow-editor so-widget-sow-editor-base\"\n\t\t\t\n\t\t>\n<div class=\"siteorigin-widget-tinymce textwidget\">\n\t<h1>Werkstatt &amp; Service<\/h1>\n<\/div>\n<\/div><\/div><div id=\"panel-868-0-0-1\" class=\"so-panel widget widget_sow-editor panel-last-child\" data-index=\"1\" ><div\n\t\t\t\n\t\t\tclass=\"so-widget-sow-editor so-widget-sow-editor-base\"\n\t\t\t\n\t\t>\n<div class=\"siteorigin-widget-tinymce textwidget\">\n\t<h3 class=\"tinymcewysiwyg\">Werkstatt mit excellentem Service<\/h3>\n<p class=\"tinymcewysiwyg\">In unserer hauseigenen Service-Werkstatt wird seit 60 Jahren fast alles repariert. Unser kompetentes Team steht Ihnen auch&nbsp;bei technischen Fragen gerne zur Verf\u00fcgung.<\/p>\n<p>Im Laufe der Jahre kamen immer weitere Zweige der Elektronik hinzu.<\/p>\n<ul>\n<li>Installation und&nbsp;Wartung&nbsp;von Empfangsanlagen f\u00fcr Einfamilienh\u00e4user bis hin zu gro\u00dfen Kopfstationen f\u00fcr mehrere hundert Teilnehmer.<\/li>\n<\/ul>\n<ul>\n<li>Gro\u00dfformatvideo f\u00fcr Besprechungsr\u00e4ume.<\/li>\n<\/ul>\n<ul>\n<li>Beschallungsanlagen f\u00fcr Verkaufsfl\u00e4chen.<\/li>\n<\/ul>\n<ul>\n<li>Video\u00fcberwachung und Aufzeichnung.<\/li>\n<\/ul>\n<ul>\n<li>Installation von EDV und Telekommunikationsanlagen.<\/li>\n<\/ul>\n<ul>\n<li>EDV Reparatur.<\/li>\n<\/ul>\n<ul>\n<li>Vernetzung Ihrer Ger\u00e4te.<\/li>\n<\/ul>\n<ul>\n<li>Vor Ort Beratung \u2013 insbesondere bei der Planung einer Antennen- oder Satellitenanlage oder gr\u00f6\u00dferen Installationen.<\/li>\n<\/ul>\n<ul>\n<li>Service f\u00fcr Flachbildfernseher und kostenlosem Leihger\u00e4t w\u00e4hrend der Reparatur.<\/li>\n<\/ul>\n<p>&nbsp;<\/p>\n<p>&nbsp;<\/p>\n<p class=\"tinymcewysiwyg\">&nbsp;<\/p>\n<p>&nbsp;<\/p>\n<\/div>\n<\/div><\/div><\/div><\/div><div id=\"pgc-868-0-1\"  class=\"panel-grid-cell\" ><div class=\"test2 panel-cell-style panel-cell-style-for-868-0-1\" ><div id=\"panel-868-0-1-0\" class=\"so-panel widget widget_pw_person_profile widget-person-profile panel-first-child\" data-index=\"2\" >\n\t<div class=\"card  person-profile\">\n\t\t\t\t<img decoding=\"async\" class=\"person-profile__image  wp-post-image\" src=\"https:\/\/bencke.de\/wp-content\/uploads\/2017\/05\/Klaus-Schuhmacher.jpg\" alt=\"Bild von Klaus Schuhmacher\">\n\t\t\t\t<div class=\"card-block  person-profile__container\">\n\t\t\t\t\t\t\t<div class=\"person-profile__social-icons\">\n\t\t\t\t\t\t\t\t\t\t\t<a class=\"person-profile__social-icon\" href=\"tel:+494141411140\" target=\"_self\"><i class=\"fa  fa-phone-square\"><\/i><\/a>\n\t\t\t\t\t\t\t\t\t\t\t<a class=\"person-profile__social-icon\" href=\"mailto:klaus.schuhmacher@bencke.de\" target=\"_self\"><i class=\"fa  fa-envelope-square\"><\/i><\/a>\n\t\t\t\t\t\t\t\t\t<\/div>\n\t\t\t\t\t\t<div class=\"person-profile__content\">\n\t\t\t\t\t\t\t\t\t<span class=\"person-profile__tag\">Werkstattleiter<\/span>\n\t\t\t\t\t\t\t\t<h4 class=\"card-title  person-profile__name\">Klaus Schuhmacher<\/h4>\n\t\t\t\t<p class=\"card-text  person-profile__description\">Telefon: 04141 - 41 11 40<\/p>\n\t\t\t<\/div>\n\t\t<\/div>\n\t<\/div>\n\n<\/div><div id=\"panel-868-0-1-1\" class=\"so-panel widget widget_sow-editor panel-last-child\" data-index=\"3\" ><div\n\t\t\t\n\t\t\tclass=\"so-widget-sow-editor so-widget-sow-editor-base\"\n\t\t\t\n\t\t>\n<div class=\"siteorigin-widget-tinymce textwidget\">\n\t<h3>Ihre Vorteile<\/h3>\n<ul>\n<li>Pers\u00f6nliche, faire Beratung<\/li>\n<li>Service<\/li>\n<li>Eigene Meisterwerkstatt<\/li>\n<li>Eigener Kundendienst<\/li>\n<li>Montageservice<\/li>\n<li>Lieferung<\/li>\n<li>Preissicherheit \/ Preisgarantie<\/li>\n<li>Finanzierung<\/li>\n<li>Parkpl\u00e4tze<\/li>\n<li>Zentral in Stade gelegen<\/li>\n<li>Geschulte Mitarbeiter<\/li>\n<\/ul>\n<\/div>\n<\/div><\/div><\/div><\/div><\/div><\/div><div id=\"pg-868-1\"  class=\"panel-grid panel-has-style\" ><div class=\"siteorigin-panels-stretch panel-row-style panel-row-style-for-868-1\" data-stretch-type=\"full-stretched\" ><div id=\"pgc-868-1-0\"  class=\"panel-grid-cell\" ><div id=\"panel-868-1-0-0\" class=\"so-panel widget widget_black-studio-tinymce widget_black_studio_tinymce panel-first-child panel-last-child\" data-index=\"4\" ><div class=\"cmmap panel-widget-style panel-widget-style-for-868-1-0-0\" ><div class=\"textwidget\"><p> <div class=\"brlbs-cmpnt-container brlbs-cmpnt-content-blocker brlbs-cmpnt-with-individual-styles\" data-borlabs-cookie-content-blocker-id=\"default\" data-borlabs-cookie-content=\"PGlmcmFtZSBsb2FkaW5nPSJsYXp5IiB3aWR0aD0iMTAwJSIgaGVpZ2h0PSI0MDAiIGZyYW1lYm9yZGVyPSIwIiBzY3JvbGxpbmc9Im5vIiBzcmM9Imh0dHBzOi8vYXBwcy5jaXR5LW1hcC5kZS9pbmRleC5waHAvTWFwcy9NYWluQ3VzdG9tZXIvMC8xNTY4L2FwcHMuY2l0eS1tYXAuZGUvZGUvaW50ZXJhY3RpdmUvNDUwLzQ1MC8yIj4gPC9pZnJhbWU+\"><div class=\"brlbs-cmpnt-cb-preset-a\"> <p class=\"brlbs-cmpnt-cb-description\">Sie sehen gerade einen Platzhalterinhalt von <strong>Standard<\/strong>. Um auf den eigentlichen Inhalt zuzugreifen, klicken Sie auf den Button unten. Bitte beachten Sie, dass dabei Daten an Drittanbieter weitergegeben werden.<\/p> <div class=\"brlbs-cmpnt-cb-buttons\"> <a class=\"brlbs-cmpnt-cb-btn\" href=\"#\" data-borlabs-cookie-unblock role=\"button\">Inhalt entsperren<\/a> <a class=\"brlbs-cmpnt-cb-btn\" href=\"#\" data-borlabs-cookie-accept-service role=\"button\" style=\"display: none\">Erforderlichen Service akzeptieren und Inhalte entsperren<\/a> <\/div> <a class=\"brlbs-cmpnt-cb-provider-toggle\" href=\"#\" data-borlabs-cookie-show-provider-information role=\"button\">Weitere Informationen<\/a> <\/div><\/div><\/p>\n<\/div><\/div><\/div><\/div><\/div><\/div><\/div>","protected":false},"excerpt":{"rendered":"<p>Werkstatt &amp; Service Werkstatt mit excellentem ServiceIn unserer hauseigenen Service-Werkstatt wird seit 60 Jahren fast alles repariert. Unser kompetentes Team steht Ihnen auch&nbsp;bei technischen Fragen gerne zur Verf\u00fcgung.Im Laufe der Jahre kamen immer weitere Zweige der Elektronik hinzu.Installation und&nbsp;Wartung&nbsp;von Empfangsanlagen f\u00fcr Einfamilienh\u00e4user bis hin zu gro\u00dfen Kopfstationen f\u00fcr mehrere hundert Teilnehmer.Gro\u00dfformatvideo f\u00fcr Besprechungsr\u00e4ume.Beschallungsanlagen f\u00fcr Verkaufsfl\u00e4chen.Video\u00fcberwachung &hellip;<\/p>\n","protected":false},"author":1,"featured_media":1158,"parent":0,"menu_order":0,"comment_status":"closed","ping_status":"closed","template":"template-front-page-slider.php","meta":{"_acf_changed":false,"footnotes":""},"class_list":["post-868","page","type-page","status-publish","has-post-thumbnail","hentry"],"acf":[],"yoast_head":"<!-- This site is optimized with the Yoast SEO plugin v27.5 - https:\/\/yoast.com\/product\/yoast-seo-wordpress\/ -->\n<title>Werkstatt &amp; Service | Elektrowerkstatt BENCKE Stade<\/title>\n<meta name=\"description\" content=\"Elektrowerkstatt BENCKE in Stade - markenunabh\u00e4ngige Reparatur von Fernsehern, Audio-Anlagen, Telefonen, \u00dcberwachungssystemen und Netzwerken.\" \/>\n<meta name=\"robots\" content=\"noindex, follow, max-snippet:-1, max-image-preview:large, max-video-preview:-1\" \/>\n<meta property=\"og:locale\" content=\"de_DE\" \/>\n<meta property=\"og:type\" content=\"article\" \/>\n<meta property=\"og:title\" content=\"Werkstatt &amp; Service | Elektrowerkstatt BENCKE Stade\" \/>\n<meta property=\"og:description\" content=\"Elektrowerkstatt BENCKE in Stade - markenunabh\u00e4ngige Reparatur von Fernsehern, Audio-Anlagen, Telefonen, \u00dcberwachungssystemen und Netzwerken.\" \/>\n<meta property=\"og:url\" content=\"https:\/\/bencke.de\/staging\/werkstattservice\/\" \/>\n<meta property=\"og:site_name\" content=\"BENCKE multimedia GmbH Staging\" \/>\n<meta property=\"article:publisher\" content=\"https:\/\/www.facebook.com\/Bencke-Multimedia-GmbH-109591069133129\/\" \/>\n<meta property=\"article:modified_time\" content=\"2018-08-24T07:07:12+00:00\" \/>\n<meta property=\"og:image\" content=\"https:\/\/bencke.de\/staging\/wp-content\/uploads\/2017\/05\/Klaus-Schuhmacher.jpg\" \/>\n\t<meta property=\"og:image:width\" content=\"800\" \/>\n\t<meta property=\"og:image:height\" content=\"533\" \/>\n\t<meta property=\"og:image:type\" content=\"image\/jpeg\" \/>\n<meta name=\"twitter:card\" content=\"summary_large_image\" \/>\n<meta name=\"twitter:label1\" content=\"Gesch\u00e4tzte Lesezeit\" \/>\n\t<meta name=\"twitter:data1\" content=\"1\u00a0Minute\" \/>\n<script type=\"application\/ld+json\" class=\"yoast-schema-graph\">{\"@context\":\"https:\\\/\\\/schema.org\",\"@graph\":[{\"@type\":\"WebPage\",\"@id\":\"https:\\\/\\\/bencke.de\\\/staging\\\/werkstattservice\\\/\",\"url\":\"https:\\\/\\\/bencke.de\\\/staging\\\/werkstattservice\\\/\",\"name\":\"Werkstatt & Service | Elektrowerkstatt BENCKE Stade\",\"isPartOf\":{\"@id\":\"https:\\\/\\\/bencke.de\\\/staging\\\/#website\"},\"primaryImageOfPage\":{\"@id\":\"https:\\\/\\\/bencke.de\\\/staging\\\/werkstattservice\\\/#primaryimage\"},\"image\":{\"@id\":\"https:\\\/\\\/bencke.de\\\/staging\\\/werkstattservice\\\/#primaryimage\"},\"thumbnailUrl\":\"https:\\\/\\\/bencke.de\\\/staging\\\/wp-content\\\/uploads\\\/2017\\\/05\\\/Klaus-Schuhmacher.jpg\",\"datePublished\":\"2017-05-09T14:37:56+00:00\",\"dateModified\":\"2018-08-24T07:07:12+00:00\",\"description\":\"Elektrowerkstatt BENCKE in Stade - markenunabh\u00e4ngige Reparatur von Fernsehern, Audio-Anlagen, Telefonen, \u00dcberwachungssystemen und Netzwerken.\",\"breadcrumb\":{\"@id\":\"https:\\\/\\\/bencke.de\\\/staging\\\/werkstattservice\\\/#breadcrumb\"},\"inLanguage\":\"de\",\"potentialAction\":[{\"@type\":\"ReadAction\",\"target\":[\"https:\\\/\\\/bencke.de\\\/staging\\\/werkstattservice\\\/\"]}]},{\"@type\":\"ImageObject\",\"inLanguage\":\"de\",\"@id\":\"https:\\\/\\\/bencke.de\\\/staging\\\/werkstattservice\\\/#primaryimage\",\"url\":\"https:\\\/\\\/bencke.de\\\/staging\\\/wp-content\\\/uploads\\\/2017\\\/05\\\/Klaus-Schuhmacher.jpg\",\"contentUrl\":\"https:\\\/\\\/bencke.de\\\/staging\\\/wp-content\\\/uploads\\\/2017\\\/05\\\/Klaus-Schuhmacher.jpg\",\"width\":800,\"height\":533},{\"@type\":\"BreadcrumbList\",\"@id\":\"https:\\\/\\\/bencke.de\\\/staging\\\/werkstattservice\\\/#breadcrumb\",\"itemListElement\":[{\"@type\":\"ListItem\",\"position\":1,\"name\":\"Startseite\",\"item\":\"https:\\\/\\\/bencke.de\\\/staging\\\/\"},{\"@type\":\"ListItem\",\"position\":2,\"name\":\"Werkstatt &#038; Service\"}]},{\"@type\":\"WebSite\",\"@id\":\"https:\\\/\\\/bencke.de\\\/staging\\\/#website\",\"url\":\"https:\\\/\\\/bencke.de\\\/staging\\\/\",\"name\":\"BENCKE multimedia GmbH Staging\",\"description\":\"\",\"potentialAction\":[{\"@type\":\"SearchAction\",\"target\":{\"@type\":\"EntryPoint\",\"urlTemplate\":\"https:\\\/\\\/bencke.de\\\/staging\\\/?s={search_term_string}\"},\"query-input\":{\"@type\":\"PropertyValueSpecification\",\"valueRequired\":true,\"valueName\":\"search_term_string\"}}],\"inLanguage\":\"de\"}]}<\/script>\n<!-- \/ Yoast SEO plugin. -->","yoast_head_json":{"title":"Werkstatt & Service | Elektrowerkstatt BENCKE Stade","description":"Elektrowerkstatt BENCKE in Stade - markenunabh\u00e4ngige Reparatur von Fernsehern, Audio-Anlagen, Telefonen, \u00dcberwachungssystemen und Netzwerken.","robots":{"index":"noindex","follow":"follow","max-snippet":"max-snippet:-1","max-image-preview":"max-image-preview:large","max-video-preview":"max-video-preview:-1"},"og_locale":"de_DE","og_type":"article","og_title":"Werkstatt & Service | Elektrowerkstatt BENCKE Stade","og_description":"Elektrowerkstatt BENCKE in Stade - markenunabh\u00e4ngige Reparatur von Fernsehern, Audio-Anlagen, Telefonen, \u00dcberwachungssystemen und Netzwerken.","og_url":"https:\/\/bencke.de\/staging\/werkstattservice\/","og_site_name":"BENCKE multimedia GmbH Staging","article_publisher":"https:\/\/www.facebook.com\/Bencke-Multimedia-GmbH-109591069133129\/","article_modified_time":"2018-08-24T07:07:12+00:00","og_image":[{"width":800,"height":533,"url":"https:\/\/bencke.de\/staging\/wp-content\/uploads\/2017\/05\/Klaus-Schuhmacher.jpg","type":"image\/jpeg"}],"twitter_card":"summary_large_image","twitter_misc":{"Gesch\u00e4tzte Lesezeit":"1\u00a0Minute"},"schema":{"@context":"https:\/\/schema.org","@graph":[{"@type":"WebPage","@id":"https:\/\/bencke.de\/staging\/werkstattservice\/","url":"https:\/\/bencke.de\/staging\/werkstattservice\/","name":"Werkstatt & Service | Elektrowerkstatt BENCKE Stade","isPartOf":{"@id":"https:\/\/bencke.de\/staging\/#website"},"primaryImageOfPage":{"@id":"https:\/\/bencke.de\/staging\/werkstattservice\/#primaryimage"},"image":{"@id":"https:\/\/bencke.de\/staging\/werkstattservice\/#primaryimage"},"thumbnailUrl":"https:\/\/bencke.de\/staging\/wp-content\/uploads\/2017\/05\/Klaus-Schuhmacher.jpg","datePublished":"2017-05-09T14:37:56+00:00","dateModified":"2018-08-24T07:07:12+00:00","description":"Elektrowerkstatt BENCKE in Stade - markenunabh\u00e4ngige Reparatur von Fernsehern, Audio-Anlagen, Telefonen, \u00dcberwachungssystemen und Netzwerken.","breadcrumb":{"@id":"https:\/\/bencke.de\/staging\/werkstattservice\/#breadcrumb"},"inLanguage":"de","potentialAction":[{"@type":"ReadAction","target":["https:\/\/bencke.de\/staging\/werkstattservice\/"]}]},{"@type":"ImageObject","inLanguage":"de","@id":"https:\/\/bencke.de\/staging\/werkstattservice\/#primaryimage","url":"https:\/\/bencke.de\/staging\/wp-content\/uploads\/2017\/05\/Klaus-Schuhmacher.jpg","contentUrl":"https:\/\/bencke.de\/staging\/wp-content\/uploads\/2017\/05\/Klaus-Schuhmacher.jpg","width":800,"height":533},{"@type":"BreadcrumbList","@id":"https:\/\/bencke.de\/staging\/werkstattservice\/#breadcrumb","itemListElement":[{"@type":"ListItem","position":1,"name":"Startseite","item":"https:\/\/bencke.de\/staging\/"},{"@type":"ListItem","position":2,"name":"Werkstatt &#038; Service"}]},{"@type":"WebSite","@id":"https:\/\/bencke.de\/staging\/#website","url":"https:\/\/bencke.de\/staging\/","name":"BENCKE multimedia GmbH Staging","description":"","potentialAction":[{"@type":"SearchAction","target":{"@type":"EntryPoint","urlTemplate":"https:\/\/bencke.de\/staging\/?s={search_term_string}"},"query-input":{"@type":"PropertyValueSpecification","valueRequired":true,"valueName":"search_term_string"}}],"inLanguage":"de"}]}},"_links":{"self":[{"href":"https:\/\/bencke.de\/staging\/wp-json\/wp\/v2\/pages\/868","targetHints":{"allow":["GET"]}}],"collection":[{"href":"https:\/\/bencke.de\/staging\/wp-json\/wp\/v2\/pages"}],"about":[{"href":"https:\/\/bencke.de\/staging\/wp-json\/wp\/v2\/types\/page"}],"author":[{"embeddable":true,"href":"https:\/\/bencke.de\/staging\/wp-json\/wp\/v2\/users\/1"}],"replies":[{"embeddable":true,"href":"https:\/\/bencke.de\/staging\/wp-json\/wp\/v2\/comments?post=868"}],"version-history":[{"count":47,"href":"https:\/\/bencke.de\/staging\/wp-json\/wp\/v2\/pages\/868\/revisions"}],"predecessor-version":[{"id":2253,"href":"https:\/\/bencke.de\/staging\/wp-json\/wp\/v2\/pages\/868\/revisions\/2253"}],"wp:featuredmedia":[{"embeddable":true,"href":"https:\/\/bencke.de\/staging\/wp-json\/wp\/v2\/media\/1158"}],"wp:attachment":[{"href":"https:\/\/bencke.de\/staging\/wp-json\/wp\/v2\/media?parent=868"}],"curies":[{"name":"wp","href":"https:\/\/api.w.org\/{rel}","templated":true}]}}