{"id":874,"date":"2017-05-09T16:38:34","date_gmt":"2017-05-09T14:38:34","guid":{"rendered":"https:\/\/bencke.de\/?page_id=874"},"modified":"2018-08-24T09:05:53","modified_gmt":"2018-08-24T07:05:53","slug":"ueber-uns","status":"publish","type":"page","link":"https:\/\/bencke.de\/staging\/ueber-uns\/","title":{"rendered":"\u00dcber uns"},"content":{"rendered":"<div id=\"pl-874\"  class=\"panel-layout\" ><div id=\"pg-874-0\"  class=\"panel-grid panel-has-style\" ><div class=\"test1 panel-row-style panel-row-style-for-874-0\" ><div id=\"pgc-874-0-0\"  class=\"panel-grid-cell\" ><div class=\"test2 panel-cell-style panel-cell-style-for-874-0-0\" ><div id=\"panel-874-0-0-0\" class=\"so-panel widget widget_black-studio-tinymce widget_black_studio_tinymce panel-first-child\" data-index=\"0\" ><div class=\"textwidget\"><h1>\u00dcber uns<\/h1>\n<\/div><\/div><div id=\"panel-874-0-0-1\" class=\"so-panel widget widget_black-studio-tinymce widget_black_studio_tinymce panel-last-child\" data-index=\"1\" ><div class=\"textwidget\"><h3 class=\"tinymcewysiwyg\">multimedia BENCKE<\/h3>\n<p class=\"tinymcewysiwyg\">Das besondere an unserer Dienstleistung ist nicht nur die hohe Fachkompetenz unserer Berater, die regelm\u00e4\u00dfig geschult werden. Wir informieren herstellerunabh\u00e4ngig, aber auch das ist nicht das gr\u00f6\u00dfte Extra in unseren Augen. Selbst unsere jahrzehntelange Erfahrung im gesamten Bereich der Kommunikationstechnik halten wir f\u00fcr selbstverst\u00e4ndlich.<\/p>\n<p>Zwei Dinge bestechen: Der direkte und pers\u00f6nliche Kontakt, den wir zu unseren Kunden halten und die Motivation unserer Mitarbeiter. Sie sind verwurzelt bei Bencke und kennen ihre Kunden.<br \/>\nIhre Freude am angewandten Wissen, ihr Spa\u00df am Erfolg l\u00e4sst Arbeit mehr als gelingen. Das ist eben MEHR im Programm. Und alles in allem ist es noch MEHR.<\/p>\n<h4 class=\"tinymcewysiwyg\">Wir freuen uns auf Ihren Besuch!<\/h4>\n<\/div><\/div><\/div><\/div><div id=\"pgc-874-0-1\"  class=\"panel-grid-cell\" ><div class=\"test2 panel-cell-style panel-cell-style-for-874-0-1\" ><div id=\"panel-874-0-1-0\" class=\"so-panel widget widget_black-studio-tinymce widget_black_studio_tinymce panel-first-child panel-last-child\" data-index=\"2\" ><div class=\"benefit--listing featured-widget panel-widget-style panel-widget-style-for-874-0-1-0\" ><div class=\"textwidget\"><h3>Wir haben mehr zu bieten:<\/h3>\n<ul>\n<li>Europas beste Marken<\/li>\n<li>Bencke Komplett-Service<\/li>\n<li>Kompetente Beratung<\/li>\n<li>Professioneller Reparaturservice<\/li>\n<li>Service-Notdienst mit Hotline<\/li>\n<li>Netzwerk- Und WLan Einrichtung<\/li>\n<li>Freischalten von DSL-Anschl\u00fcssen<\/li>\n<li>Terminvereinbarungen mit Garantie<\/li>\n<li>Praktischer Transportservice<\/li>\n<li>Fachgerechte Altger\u00e4te- und Verpackungs Entsorgung<\/li>\n<li>Geschenk-Gutscheine<\/li>\n<li>Praktische <a href=\"http:\/\/www.euronics.de\/info\/Uebersicht-EURONICS-Cards\" target=\"_blank\" rel=\"noopener noreferrer\">EURONICS Card<\/a><\/li>\n<\/ul>\n<\/div><\/div><\/div><\/div><\/div><\/div><\/div><div id=\"pg-874-1\"  class=\"panel-grid panel-has-style\" ><div class=\"test1 panel-row-style panel-row-style-for-874-1\" ><div id=\"pgc-874-1-0\"  class=\"panel-grid-cell\" ><div class=\"test2 panel-cell-style panel-cell-style-for-874-1-0\" ><div id=\"panel-874-1-0-0\" class=\"so-panel widget widget_black-studio-tinymce widget_black_studio_tinymce panel-first-child panel-last-child\" data-index=\"3\" ><div class=\"widget-title--big panel-widget-style panel-widget-style-for-874-1-0-0\" ><h3 class=\"widget-title\"><span class=\"widget-title__inline\">Kommunikation <\/span><\/h3><div class=\"textwidget\"><\/div><\/div><\/div><\/div><\/div><\/div><\/div><div id=\"pg-874-2\"  class=\"panel-grid panel-has-style\" ><div class=\"test1 panel-row-style panel-row-style-for-874-2\" ><div id=\"pgc-874-2-0\"  class=\"panel-grid-cell\" ><div class=\"test2 panel-cell-style panel-cell-style-for-874-2-0\" ><div id=\"panel-874-2-0-0\" class=\"so-panel widget widget_black-studio-tinymce widget_black_studio_tinymce panel-first-child panel-last-child\" data-index=\"4\" ><div class=\"textwidget\"><h3 class=\"tinymcewysiwyg\">Ihre Kommunikation ist unsere St\u00e4rke<\/h3>\n<p class=\"tinymcewysiwyg\">Im Bereich Computer &amp; Telekommunikation sind Fachwissen und Zuverl\u00e4ssigkeit das Wichtigste. Unsere Kunden verlassen sich seit Jahrzehnten auf unsere Mitarbeiter. Und sind zufrieden. Wir bieten das volle Programm...<\/p>\n<p style=\"text-align: center;\"><strong>Kommunikationsanlagen \/ Computeranlagensysteme<\/strong><br \/> <strong>Video\u00fcberwachung \/ Beschallungsanlagen<\/strong><\/p>\n<p><strong>...und MEHR: <\/strong>Wir finden kreative, ma\u00dfgeschneiderte L\u00f6sungen beispielsweise f\u00fcr gro\u00dfe Betriebe, kleine Praxen und mobile Einrichtungen. Und wenn Sie uns brauchen sind wir f\u00fcr Sie da \u2014 kurzfristig mit dem entsprechenden Wartungsvertrag sogar jeden Tag, jeder Zeit.<\/p>\n<\/div><\/div><\/div><\/div><div id=\"pgc-874-2-1\"  class=\"panel-grid-cell\" ><div class=\"test2 panel-cell-style panel-cell-style-for-874-2-1\" ><div id=\"panel-874-2-1-0\" class=\"so-panel widget widget_black-studio-tinymce widget_black_studio_tinymce panel-first-child panel-last-child\" data-index=\"5\" ><div class=\"benefit--listing featured-widget panel-widget-style panel-widget-style-for-874-2-1-0\" ><div class=\"textwidget\"><ul>\n<li>Entwurf<\/li>\n<li>Entwicklung<\/li>\n<li>Installation<\/li>\n<li>Schulung<\/li>\n<li>Service<\/li>\n<li>Umbau<\/li>\n<li>Integration<\/li>\n<li>Beratung<\/li>\n<li>Pr\u00fcfung<\/li>\n<\/ul>\n<\/div><\/div><\/div><\/div><\/div><\/div><\/div><div id=\"pg-874-3\"  class=\"panel-grid panel-has-style\" ><div class=\"panel-row-style panel-row-style-for-874-3\" ><div id=\"pgc-874-3-0\"  class=\"panel-grid-cell panel-grid-cell-empty\" ><\/div><\/div><\/div><div id=\"pg-874-4\"  class=\"panel-grid panel-no-style\" ><div id=\"pgc-874-4-0\"  class=\"panel-grid-cell panel-grid-cell-empty\" ><\/div><div id=\"pgc-874-4-1\"  class=\"panel-grid-cell panel-grid-cell-empty panel-grid-cell-mobile-last\" ><\/div><div id=\"pgc-874-4-2\"  class=\"panel-grid-cell panel-grid-cell-empty\" ><\/div><\/div><div id=\"pg-874-5\"  class=\"panel-grid panel-has-style\" ><div class=\"siteorigin-panels-stretch panel-row-style panel-row-style-for-874-5\" data-stretch-type=\"full-stretched\" ><div id=\"pgc-874-5-0\"  class=\"panel-grid-cell\" ><div id=\"panel-874-5-0-0\" class=\"so-panel widget widget_black-studio-tinymce widget_black_studio_tinymce panel-first-child panel-last-child\" data-index=\"6\" ><div class=\"cmmap panel-widget-style panel-widget-style-for-874-5-0-0\" ><div class=\"textwidget\"><p> <div class=\"brlbs-cmpnt-container brlbs-cmpnt-content-blocker brlbs-cmpnt-with-individual-styles\" data-borlabs-cookie-content-blocker-id=\"default\" data-borlabs-cookie-content=\"PGlmcmFtZSBsb2FkaW5nPSJsYXp5IiB3aWR0aD0iMTAwJSIgaGVpZ2h0PSI0MDAiIGZyYW1lYm9yZGVyPSIwIiBzY3JvbGxpbmc9Im5vIiBzcmM9Imh0dHBzOi8vYXBwcy5jaXR5LW1hcC5kZS9pbmRleC5waHAvTWFwcy9NYWluQ3VzdG9tZXIvMC8xNTY4L2FwcHMuY2l0eS1tYXAuZGUvZGUvaW50ZXJhY3RpdmUvNDUwLzQ1MC8yIj4gPC9pZnJhbWU+\"><div class=\"brlbs-cmpnt-cb-preset-a\"> <p class=\"brlbs-cmpnt-cb-description\">Sie sehen gerade einen Platzhalterinhalt von <strong>Standard<\/strong>. Um auf den eigentlichen Inhalt zuzugreifen, klicken Sie auf den Button unten. Bitte beachten Sie, dass dabei Daten an Drittanbieter weitergegeben werden.<\/p> <div class=\"brlbs-cmpnt-cb-buttons\"> <a class=\"brlbs-cmpnt-cb-btn\" href=\"#\" data-borlabs-cookie-unblock role=\"button\">Inhalt entsperren<\/a> <a class=\"brlbs-cmpnt-cb-btn\" href=\"#\" data-borlabs-cookie-accept-service role=\"button\" style=\"display: none\">Erforderlichen Service akzeptieren und Inhalte entsperren<\/a> <\/div> <a class=\"brlbs-cmpnt-cb-provider-toggle\" href=\"#\" data-borlabs-cookie-show-provider-information role=\"button\">Weitere Informationen<\/a> <\/div><\/div><\/p>\n<\/div><\/div><\/div><\/div><\/div><\/div><\/div>","protected":false},"excerpt":{"rendered":"<p>\u00dcber uns multimedia BENCKE Das besondere an unserer Dienstleistung ist nicht nur die hohe Fachkompetenz unserer Berater, die regelm\u00e4\u00dfig geschult werden. Wir informieren herstellerunabh\u00e4ngig, aber auch das ist nicht das gr\u00f6\u00dfte Extra in unseren Augen. Selbst unsere jahrzehntelange Erfahrung im gesamten Bereich der Kommunikationstechnik halten wir f\u00fcr selbstverst\u00e4ndlich. Zwei Dinge bestechen: Der direkte und pers\u00f6nliche &hellip;<\/p>\n","protected":false},"author":1,"featured_media":1300,"parent":0,"menu_order":0,"comment_status":"closed","ping_status":"closed","template":"template-front-page-slider.php","meta":{"_acf_changed":false,"footnotes":""},"class_list":["post-874","page","type-page","status-publish","has-post-thumbnail","hentry"],"acf":[],"yoast_head":"<!-- This site is optimized with the Yoast SEO plugin v27.5 - https:\/\/yoast.com\/product\/yoast-seo-wordpress\/ -->\n<title>\u00dcber Uns - Elektronik Experten bei BENCKE Stade<\/title>\n<meta name=\"description\" content=\"Bei multimedia BENCKE Stade finden Sie Ihren Experten | Antennentechnik, Computer, Telefonanlagen, Radio und Fernsehtechnik\" \/>\n<meta name=\"robots\" content=\"noindex, follow, max-snippet:-1, max-image-preview:large, max-video-preview:-1\" \/>\n<meta property=\"og:locale\" content=\"de_DE\" \/>\n<meta property=\"og:type\" content=\"article\" \/>\n<meta property=\"og:title\" content=\"\u00dcber Uns - Elektronik Experten bei BENCKE Stade\" \/>\n<meta property=\"og:description\" content=\"Bei multimedia BENCKE Stade finden Sie Ihren Experten | Antennentechnik, Computer, Telefonanlagen, Radio und Fernsehtechnik\" \/>\n<meta property=\"og:url\" content=\"https:\/\/bencke.de\/staging\/ueber-uns\/\" \/>\n<meta property=\"og:site_name\" content=\"BENCKE multimedia GmbH Staging\" \/>\n<meta property=\"article:publisher\" content=\"https:\/\/www.facebook.com\/Bencke-Multimedia-GmbH-109591069133129\/\" \/>\n<meta property=\"article:modified_time\" content=\"2018-08-24T07:05:53+00:00\" \/>\n<meta property=\"og:image\" content=\"https:\/\/bencke.de\/staging\/wp-content\/uploads\/2017\/05\/IMG_6237.jpg\" \/>\n\t<meta property=\"og:image:width\" content=\"1920\" \/>\n\t<meta property=\"og:image:height\" content=\"600\" \/>\n\t<meta property=\"og:image:type\" content=\"image\/jpeg\" \/>\n<meta name=\"twitter:card\" content=\"summary_large_image\" \/>\n<meta name=\"twitter:label1\" content=\"Gesch\u00e4tzte Lesezeit\" \/>\n\t<meta name=\"twitter:data1\" content=\"1\u00a0Minute\" \/>\n<script type=\"application\/ld+json\" class=\"yoast-schema-graph\">{\"@context\":\"https:\\\/\\\/schema.org\",\"@graph\":[{\"@type\":\"WebPage\",\"@id\":\"https:\\\/\\\/bencke.de\\\/staging\\\/ueber-uns\\\/\",\"url\":\"https:\\\/\\\/bencke.de\\\/staging\\\/ueber-uns\\\/\",\"name\":\"\u00dcber Uns - Elektronik Experten bei BENCKE Stade\",\"isPartOf\":{\"@id\":\"https:\\\/\\\/bencke.de\\\/staging\\\/#website\"},\"primaryImageOfPage\":{\"@id\":\"https:\\\/\\\/bencke.de\\\/staging\\\/ueber-uns\\\/#primaryimage\"},\"image\":{\"@id\":\"https:\\\/\\\/bencke.de\\\/staging\\\/ueber-uns\\\/#primaryimage\"},\"thumbnailUrl\":\"https:\\\/\\\/bencke.de\\\/staging\\\/wp-content\\\/uploads\\\/2017\\\/05\\\/IMG_6237.jpg\",\"datePublished\":\"2017-05-09T14:38:34+00:00\",\"dateModified\":\"2018-08-24T07:05:53+00:00\",\"description\":\"Bei multimedia BENCKE Stade finden Sie Ihren Experten | Antennentechnik, Computer, Telefonanlagen, Radio und Fernsehtechnik\",\"breadcrumb\":{\"@id\":\"https:\\\/\\\/bencke.de\\\/staging\\\/ueber-uns\\\/#breadcrumb\"},\"inLanguage\":\"de\",\"potentialAction\":[{\"@type\":\"ReadAction\",\"target\":[\"https:\\\/\\\/bencke.de\\\/staging\\\/ueber-uns\\\/\"]}]},{\"@type\":\"ImageObject\",\"inLanguage\":\"de\",\"@id\":\"https:\\\/\\\/bencke.de\\\/staging\\\/ueber-uns\\\/#primaryimage\",\"url\":\"https:\\\/\\\/bencke.de\\\/staging\\\/wp-content\\\/uploads\\\/2017\\\/05\\\/IMG_6237.jpg\",\"contentUrl\":\"https:\\\/\\\/bencke.de\\\/staging\\\/wp-content\\\/uploads\\\/2017\\\/05\\\/IMG_6237.jpg\",\"width\":1920,\"height\":600},{\"@type\":\"BreadcrumbList\",\"@id\":\"https:\\\/\\\/bencke.de\\\/staging\\\/ueber-uns\\\/#breadcrumb\",\"itemListElement\":[{\"@type\":\"ListItem\",\"position\":1,\"name\":\"Startseite\",\"item\":\"https:\\\/\\\/bencke.de\\\/staging\\\/\"},{\"@type\":\"ListItem\",\"position\":2,\"name\":\"\u00dcber uns\"}]},{\"@type\":\"WebSite\",\"@id\":\"https:\\\/\\\/bencke.de\\\/staging\\\/#website\",\"url\":\"https:\\\/\\\/bencke.de\\\/staging\\\/\",\"name\":\"BENCKE multimedia GmbH Staging\",\"description\":\"\",\"potentialAction\":[{\"@type\":\"SearchAction\",\"target\":{\"@type\":\"EntryPoint\",\"urlTemplate\":\"https:\\\/\\\/bencke.de\\\/staging\\\/?s={search_term_string}\"},\"query-input\":{\"@type\":\"PropertyValueSpecification\",\"valueRequired\":true,\"valueName\":\"search_term_string\"}}],\"inLanguage\":\"de\"}]}<\/script>\n<!-- \/ Yoast SEO plugin. -->","yoast_head_json":{"title":"\u00dcber Uns - Elektronik Experten bei BENCKE Stade","description":"Bei multimedia BENCKE Stade finden Sie Ihren Experten | Antennentechnik, Computer, Telefonanlagen, Radio und Fernsehtechnik","robots":{"index":"noindex","follow":"follow","max-snippet":"max-snippet:-1","max-image-preview":"max-image-preview:large","max-video-preview":"max-video-preview:-1"},"og_locale":"de_DE","og_type":"article","og_title":"\u00dcber Uns - Elektronik Experten bei BENCKE Stade","og_description":"Bei multimedia BENCKE Stade finden Sie Ihren Experten | Antennentechnik, Computer, Telefonanlagen, Radio und Fernsehtechnik","og_url":"https:\/\/bencke.de\/staging\/ueber-uns\/","og_site_name":"BENCKE multimedia GmbH Staging","article_publisher":"https:\/\/www.facebook.com\/Bencke-Multimedia-GmbH-109591069133129\/","article_modified_time":"2018-08-24T07:05:53+00:00","og_image":[{"width":1920,"height":600,"url":"https:\/\/bencke.de\/staging\/wp-content\/uploads\/2017\/05\/IMG_6237.jpg","type":"image\/jpeg"}],"twitter_card":"summary_large_image","twitter_misc":{"Gesch\u00e4tzte Lesezeit":"1\u00a0Minute"},"schema":{"@context":"https:\/\/schema.org","@graph":[{"@type":"WebPage","@id":"https:\/\/bencke.de\/staging\/ueber-uns\/","url":"https:\/\/bencke.de\/staging\/ueber-uns\/","name":"\u00dcber Uns - Elektronik Experten bei BENCKE Stade","isPartOf":{"@id":"https:\/\/bencke.de\/staging\/#website"},"primaryImageOfPage":{"@id":"https:\/\/bencke.de\/staging\/ueber-uns\/#primaryimage"},"image":{"@id":"https:\/\/bencke.de\/staging\/ueber-uns\/#primaryimage"},"thumbnailUrl":"https:\/\/bencke.de\/staging\/wp-content\/uploads\/2017\/05\/IMG_6237.jpg","datePublished":"2017-05-09T14:38:34+00:00","dateModified":"2018-08-24T07:05:53+00:00","description":"Bei multimedia BENCKE Stade finden Sie Ihren Experten | Antennentechnik, Computer, Telefonanlagen, Radio und Fernsehtechnik","breadcrumb":{"@id":"https:\/\/bencke.de\/staging\/ueber-uns\/#breadcrumb"},"inLanguage":"de","potentialAction":[{"@type":"ReadAction","target":["https:\/\/bencke.de\/staging\/ueber-uns\/"]}]},{"@type":"ImageObject","inLanguage":"de","@id":"https:\/\/bencke.de\/staging\/ueber-uns\/#primaryimage","url":"https:\/\/bencke.de\/staging\/wp-content\/uploads\/2017\/05\/IMG_6237.jpg","contentUrl":"https:\/\/bencke.de\/staging\/wp-content\/uploads\/2017\/05\/IMG_6237.jpg","width":1920,"height":600},{"@type":"BreadcrumbList","@id":"https:\/\/bencke.de\/staging\/ueber-uns\/#breadcrumb","itemListElement":[{"@type":"ListItem","position":1,"name":"Startseite","item":"https:\/\/bencke.de\/staging\/"},{"@type":"ListItem","position":2,"name":"\u00dcber uns"}]},{"@type":"WebSite","@id":"https:\/\/bencke.de\/staging\/#website","url":"https:\/\/bencke.de\/staging\/","name":"BENCKE multimedia GmbH Staging","description":"","potentialAction":[{"@type":"SearchAction","target":{"@type":"EntryPoint","urlTemplate":"https:\/\/bencke.de\/staging\/?s={search_term_string}"},"query-input":{"@type":"PropertyValueSpecification","valueRequired":true,"valueName":"search_term_string"}}],"inLanguage":"de"}]}},"_links":{"self":[{"href":"https:\/\/bencke.de\/staging\/wp-json\/wp\/v2\/pages\/874","targetHints":{"allow":["GET"]}}],"collection":[{"href":"https:\/\/bencke.de\/staging\/wp-json\/wp\/v2\/pages"}],"about":[{"href":"https:\/\/bencke.de\/staging\/wp-json\/wp\/v2\/types\/page"}],"author":[{"embeddable":true,"href":"https:\/\/bencke.de\/staging\/wp-json\/wp\/v2\/users\/1"}],"replies":[{"embeddable":true,"href":"https:\/\/bencke.de\/staging\/wp-json\/wp\/v2\/comments?post=874"}],"version-history":[{"count":105,"href":"https:\/\/bencke.de\/staging\/wp-json\/wp\/v2\/pages\/874\/revisions"}],"predecessor-version":[{"id":2245,"href":"https:\/\/bencke.de\/staging\/wp-json\/wp\/v2\/pages\/874\/revisions\/2245"}],"wp:featuredmedia":[{"embeddable":true,"href":"https:\/\/bencke.de\/staging\/wp-json\/wp\/v2\/media\/1300"}],"wp:attachment":[{"href":"https:\/\/bencke.de\/staging\/wp-json\/wp\/v2\/media?parent=874"}],"curies":[{"name":"wp","href":"https:\/\/api.w.org\/{rel}","templated":true}]}}